{"id":718,"date":"2023-01-09T15:56:02","date_gmt":"2023-01-09T14:56:02","guid":{"rendered":"https:\/\/zawapak.pl\/?page_id=718"},"modified":"2026-02-15T16:54:59","modified_gmt":"2026-02-15T15:54:59","slug":"katalogi","status":"publish","type":"page","link":"https:\/\/zawapak.pl\/?page_id=718","title":{"rendered":"Katalogi"},"content":{"rendered":"\n    \n    <section class=\"u-align-center u-clearfix u-container-align-center u-section-2\" id=\"sec-35b2\">\n      <div class=\"u-clearfix u-sheet u-sheet-1\">\n        <h2 class=\"u-text u-text-default u-text-palette-2-base u-text-1\">\n          <font style=\"vertical-align: inherit;\">\n            <font style=\"vertical-align: inherit;\">\n              <font style=\"vertical-align: inherit;\">\n                <font style=\"vertical-align: inherit;\">\n                  <font style=\"vertical-align: inherit;\">\n                    <font style=\"vertical-align: inherit;\">\n                      <font style=\"vertical-align: inherit;\">\n                        <font style=\"vertical-align: inherit;\">Nasze <\/font>\n                      <\/font>\n                    <\/font>\n                  <\/font>\n                <\/font>\n              <\/font>\n            <\/font>\n          <\/font><span style=\"font-weight: 700;\">\n            <font style=\"vertical-align: inherit;\">\n              <font style=\"vertical-align: inherit;\">\n                <font style=\"vertical-align: inherit;\">\n                  <font style=\"vertical-align: inherit;\">\n                    <font style=\"vertical-align: inherit;\">\n                      <font style=\"vertical-align: inherit;\">\n                        <font style=\"vertical-align: inherit;\">\n                          <font style=\"vertical-align: inherit;\">Katalogi<\/font>\n                        <\/font>\n                      <\/font>\n                    <\/font>\n                  <\/font>\n                <\/font>\n              <\/font>\n            <\/font><\/span>\n        <\/h2>\n        <p class=\"u-text u-text-2\">\n          <font style=\"vertical-align: inherit;\">\n            <font style=\"vertical-align: inherit;\">\n              <font style=\"vertical-align: inherit;\">\n                <font style=\"vertical-align: inherit;\">\n                  <font style=\"vertical-align: inherit;\">\n                    <font style=\"vertical-align: inherit;\">\n                      <font style=\"vertical-align: inherit;\">\n                        <font style=\"vertical-align: inherit;\">Klikni\u0119cie w wybran\u0105 ok\u0142adk\u0119 otworzy katalog w nowym oknie.<\/font>\n                      <\/font>\n                    <\/font>\n                  <\/font>\n                <\/font>\n              <\/font>\n            <\/font>\n          <\/font>\n        <\/p>\n        <div class=\"u-expanded-width u-gallery u-layout-grid u-lightbox u-show-text-on-hover u-gallery-1\">\n          <div class=\"u-gallery-inner u-gallery-inner-1\">\n            <div class=\"u-effect-zoom u-file-link u-gallery-item\" data-href=\"https:\/\/zawapak.pl\/wp-content\/uploads\/2023\/06\/klasyczne.pdf\" data-target=\"_blank\" title=\"oferta_klasycznebn2022_net-pdf\">\n              <div class=\"u-back-slide\" data-image-width=\"826\" data-image-height=\"1169\">\n                <img decoding=\"async\" class=\"u-back-image u-expanded u-image-contain\" src=\"https:\/\/zawapak.pl\/wp-content\/uploads\/2022\/11\/katalogwiecklasycznych.png\" alt=\"\">\n              <\/div>\n              <div class=\"u-over-slide u-valign-bottom u-over-slide-1\">\n                <p class=\"u-gallery-text u-text-black\" style=\"margin-top: 16px; font-size: 0.875rem; font-weight: 700;\">Katalog \u015awiec Klasycznych<\/p>\n              <\/div>\n            <\/div>\n            <div class=\"u-effect-zoom u-file-link u-gallery-item\" data-href=\"https:\/\/zawapak.pl\/wp-content\/uploads\/2024\/01\/rustykalnenewversion.pdf\" data-target=\"_blank\" title=\"oferta_rustykalne_net-pdf\">\n              <div class=\"u-back-slide\" data-image-width=\"1811\" data-image-height=\"2560\">\n                <img decoding=\"async\" class=\"u-back-image u-expanded u-image-contain\" src=\"https:\/\/zawapak.pl\/wp-content\/uploads\/2023\/02\/rustykalne-1449x2048.jpg\">\n              <\/div>\n              <div class=\"u-over-slide u-valign-bottom u-over-slide-2\">\n                <p class=\"u-gallery-text u-text-black\" style=\"margin-top: 16px; font-size: 0.875rem; font-weight: 700;\">\n                  <font style=\"vertical-align: inherit;\">\n                    <font style=\"vertical-align: inherit;\">\n                      <font style=\"vertical-align: inherit;\">\n                        <font style=\"vertical-align: inherit;\">\n                          <font style=\"vertical-align: inherit;\">\n                            <font style=\"vertical-align: inherit;\">\n                              <font style=\"vertical-align: inherit;\">\n                                <font style=\"vertical-align: inherit;\">Katalog \u015awiec Rustykalnych<\/font>\n                              <\/font>\n                            <\/font>\n                          <\/font>\n                        <\/font>\n                      <\/font>\n                    <\/font>\n                  <\/font>\n                <\/p>\n              <\/div>\n            <\/div>\n            <div class=\"u-effect-zoom u-file-link u-gallery-item\" data-href=\"https:\/\/zawapak.pl\/wp-content\/uploads\/2025\/01\/gromnice.pdf\" data-target=\"_blank\" title=\"oferta_walentynki_net-pdf\">\n              <div class=\"u-back-slide\" data-image-width=\"1140\" data-image-height=\"1611\">\n                <img decoding=\"async\" class=\"u-back-image u-expanded u-image-contain\" src=\"https:\/\/zawapak.pl\/wp-content\/uploads\/2024\/05\/gromnice-1449x2048.jpg\" alt=\"Katalog \u015awiec Gromnicznych\">\n              <\/div>\n              <div class=\"u-over-slide u-valign-bottom u-over-slide-3\">\n                <p class=\"u-gallery-text u-text-black\" style=\"margin-top: 16px; font-size: 0.875rem; font-weight: 700;\">Katalog \u015awiec Religijnych<\/p>\n              <\/div>\n            <\/div>\n            <div class=\"u-effect-zoom u-file-link u-gallery-item\" data-href=\"https:\/\/zawapak.pl\/wp-content\/uploads\/2026\/02\/podgrzewacze2026.pdf\" data-target=\"_blank\">\n              <div class=\"u-back-slide\" data-image-width=\"596\" data-image-height=\"842\">\n                <img decoding=\"async\" class=\"u-back-image u-expanded u-image-contain\" src=\"https:\/\/zawapak.pl\/wp-content\/uploads\/2023\/01\/okadka-podgrzewacze-strona-1-1.jpg\">\n              <\/div>\n              <div class=\"u-over-slide u-valign-bottom u-over-slide-4\">\n                <p class=\"u-gallery-text u-text-black\" style=\"margin-top: 16px; font-size: 0.875rem; font-weight: 700;\">\n                  <font style=\"vertical-align: inherit;\">\n                    <font style=\"vertical-align: inherit;\">\n                      <font style=\"vertical-align: inherit;\">\n                        <font style=\"vertical-align: inherit;\">\n                          <font style=\"vertical-align: inherit;\">\n                            <font style=\"vertical-align: inherit;\">\n                              <font style=\"vertical-align: inherit;\">\n                                <font style=\"vertical-align: inherit;\">Katalog Podgrzewaczy<\/font>\n                              <\/font>\n                            <\/font>\n                          <\/font>\n                        <\/font>\n                      <\/font>\n                    <\/font>\n                  <\/font>\n                <\/p>\n              <\/div>\n            <\/div>\n            <div class=\"u-effect-zoom u-file-link u-gallery-item\" data-href=\"https:\/\/zawapak.pl\/wp-content\/uploads\/2025\/09\/bozenarodzenie2025.pdf\" data-target=\"_blank\">\n              <div class=\"u-back-slide\" data-image-width=\"2482\" data-image-height=\"3508\">\n                <img decoding=\"async\" class=\"u-back-image u-expanded u-image-contain\" src=\"https:\/\/zawapak.pl\/wp-content\/uploads\/2024\/07\/boenarodzenie-scaled.jpg\" alt=\"Katalog \u015awiec Gromnicznych\">\n              <\/div>\n              <div class=\"u-over-slide u-valign-bottom u-over-slide-5\">\n                <p class=\"u-gallery-text u-text-black\" style=\"margin-top: 16px; font-size: 0.875rem; font-weight: 700;\">Katalog \u015awiec Bo\u017conarodzeniowych<\/p>\n              <\/div>\n            <\/div>\n            <div class=\"u-effect-zoom u-file-link u-gallery-item\" data-href=\"https:\/\/zawapak.pl\/wp-content\/uploads\/2025\/01\/wielkanoc.pdf\" data-target=\"_blank\" title=\"oferta_walentynki_net-pdf\">\n              <div class=\"u-back-slide\" data-image-width=\"634\" data-image-height=\"901\">\n                <img decoding=\"async\" class=\"u-back-image u-expanded u-image-contain\" src=\"https:\/\/zawapak.pl\/wp-content\/uploads\/2023\/02\/okladka.png\">\n              <\/div>\n              <div class=\"u-over-slide u-valign-bottom u-over-slide-6\">\n                <p class=\"u-gallery-text u-text-black\" style=\"margin-top: 16px; font-size: 0.875rem; font-weight: 700;\">Katalog \u015awiec Wielkanocnych<\/p>\n              <\/div>\n            <\/div>\n            <div class=\"u-effect-zoom u-file-link u-gallery-item\" data-href=\"https:\/\/zawapak.pl\/wp-content\/uploads\/2026\/02\/komunia2026.pdf\" data-target=\"_blank\">\n              <div class=\"u-back-slide\" data-image-width=\"1811\" data-image-height=\"2560\">\n                <img decoding=\"async\" class=\"u-back-image u-expanded u-image-contain\" src=\"https:\/\/zawapak.pl\/wp-content\/uploads\/2023\/04\/komunia_okladka-scaled.jpg\">\n              <\/div>\n              <div class=\"u-over-slide u-valign-bottom u-over-slide-7\">\n                <p class=\"u-gallery-text u-text-black\" style=\"margin-top: 16px; font-size: 0.875rem; font-weight: 700;\">Katalog \u015awiec Komunijnych<\/p>\n              <\/div>\n            <\/div>\n            <div class=\"u-effect-zoom u-file-link u-gallery-item\" data-href=\"https:\/\/zawapak.pl\/wp-content\/uploads\/2023\/01\/walentynki.pdf\" data-target=\"_blank\" title=\"oferta_walentynki_net-pdf\">\n              <div class=\"u-back-slide\" data-image-width=\"1811\" data-image-height=\"2560\">\n                <img decoding=\"async\" class=\"u-back-image u-expanded u-image-contain\" src=\"https:\/\/zawapak.pl\/wp-content\/uploads\/2023\/01\/walentynki-scaled.jpg\">\n              <\/div>\n              <div class=\"u-over-slide u-valign-bottom u-over-slide-8\">\n                <p class=\"u-gallery-text u-text-black\" style=\"margin-top: 16px; font-size: 0.875rem; font-weight: 700;\">Katalog \u015awiec Walentynkowych<\/p>\n              <\/div>\n            <\/div>\n            <div class=\"u-effect-zoom u-file-link u-gallery-item\" data-href=\"https:\/\/zawapak.pl\/wp-content\/uploads\/2022\/06\/oferta_lampiony1_net.pdf\" data-target=\"_blank\" title=\"oferta_lampiony1_net-pdf\">\n              <div class=\"u-back-slide\" data-image-width=\"596\" data-image-height=\"842\">\n                <img decoding=\"async\" class=\"u-back-image u-expanded u-image-contain\" src=\"https:\/\/zawapak.pl\/wp-content\/uploads\/2023\/01\/okadka-lampiony-strona-1-1.jpg\">\n              <\/div>\n              <div class=\"u-over-slide u-valign-bottom u-over-slide-9\">\n                <p class=\"u-gallery-text u-text-black\" style=\"margin-top: 16px; font-size: 0.875rem; font-weight: 700;\">\n                  <font style=\"vertical-align: inherit;\">\n                    <font style=\"vertical-align: inherit;\">\n                      <font style=\"vertical-align: inherit;\">\n                        <font style=\"vertical-align: inherit;\">\n                          <font style=\"vertical-align: inherit;\">\n                            <font style=\"vertical-align: inherit;\">\n                              <font style=\"vertical-align: inherit;\">\n                                <font style=\"vertical-align: inherit;\">Katalog Lampion\u00f3w<\/font>\n                              <\/font>\n                            <\/font>\n                          <\/font>\n                        <\/font>\n                      <\/font>\n                    <\/font>\n                  <\/font>\n                <\/p>\n              <\/div>\n            <\/div>\n            <div class=\"u-effect-zoom u-file-link u-gallery-item\" data-href=\"https:\/\/zawapak.pl\/wp-content\/uploads\/2022\/06\/oferta_ogrod_net.pdf\" data-target=\"_blank\" title=\"oferta_walentynki_net-pdf\">\n              <div class=\"u-back-slide\" data-image-width=\"596\" data-image-height=\"842\">\n                <img decoding=\"async\" class=\"u-back-image u-expanded u-image-contain\" src=\"https:\/\/zawapak.pl\/wp-content\/uploads\/2023\/01\/okadka-ogrd-strona-1-1.jpg\">\n              <\/div>\n              <div class=\"u-over-slide u-valign-bottom u-over-slide-10\">\n                <p class=\"u-gallery-text u-text-black\" style=\"margin-top: 16px; font-size: 0.875rem; font-weight: 700;\">Katalog Ogr\u00f3d<\/p>\n              <\/div>\n            <\/div>\n          <\/div>\n        <\/div>\n      <\/div>\n    <\/section>\n    \n    \n    \n  \n","protected":false},"excerpt":{"rendered":"<p>Nasze Katalogi Klikni\u0119cie w wybran\u0105 ok\u0142adk\u0119 otworzy katalog w nowym oknie. Katalog \u015awiec Klasycznych Katalog \u015awiec Rustykalnych Katalog \u015awiec Religijnych Katalog Podgrzewaczy Katalog \u015awiec Bo\u017conarodzeniowych Katalog \u015awiec Wielkanocnych Katalog \u015awiec Komunijnych Katalog \u015awiec Walentynkowych Katalog Lampion\u00f3w Katalog Ogr\u00f3d<\/p>\n","protected":false},"author":4,"featured_media":0,"parent":0,"menu_order":0,"comment_status":"closed","ping_status":"closed","template":"","meta":{"footnotes":""},"class_list":["post-718","page","type-page","status-publish","hentry"],"yoast_head":"<!-- This site is optimized with the Yoast SEO plugin v27.4 - https:\/\/yoast.com\/product\/yoast-seo-wordpress\/ -->\n<title>Katalogi - Zawapak.pl<\/title>\n<meta name=\"robots\" content=\"index, follow, max-snippet:-1, max-image-preview:large, max-video-preview:-1\" \/>\n<link rel=\"canonical\" href=\"https:\/\/zawapak.pl\/?page_id=718\" \/>\n<meta property=\"og:locale\" content=\"pl_PL\" \/>\n<meta property=\"og:type\" content=\"article\" \/>\n<meta property=\"og:title\" content=\"Katalogi - Zawapak.pl\" \/>\n<meta property=\"og:description\" content=\"Nasze Katalogi Klikni\u0119cie w wybran\u0105 ok\u0142adk\u0119 otworzy katalog w nowym oknie. Katalog \u015awiec Klasycznych Katalog \u015awiec Rustykalnych Katalog \u015awiec Religijnych Katalog Podgrzewaczy Katalog \u015awiec Bo\u017conarodzeniowych Katalog \u015awiec Wielkanocnych Katalog \u015awiec Komunijnych Katalog \u015awiec Walentynkowych Katalog Lampion\u00f3w Katalog Ogr\u00f3d\" \/>\n<meta property=\"og:url\" content=\"https:\/\/zawapak.pl\/?page_id=718\" \/>\n<meta property=\"og:site_name\" content=\"Zawapak.pl\" \/>\n<meta property=\"article:publisher\" content=\"https:\/\/www.facebook.com\/zawapak\" \/>\n<meta property=\"article:modified_time\" content=\"2026-02-15T15:54:59+00:00\" \/>\n<meta name=\"twitter:card\" content=\"summary_large_image\" \/>\n<script type=\"application\/ld+json\" class=\"yoast-schema-graph\">{\"@context\":\"https:\\\/\\\/schema.org\",\"@graph\":[{\"@type\":\"WebPage\",\"@id\":\"https:\\\/\\\/zawapak.pl\\\/?page_id=718\",\"url\":\"https:\\\/\\\/zawapak.pl\\\/?page_id=718\",\"name\":\"Katalogi - Zawapak.pl\",\"isPartOf\":{\"@id\":\"https:\\\/\\\/zawapak.pl\\\/#website\"},\"datePublished\":\"2023-01-09T14:56:02+00:00\",\"dateModified\":\"2026-02-15T15:54:59+00:00\",\"breadcrumb\":{\"@id\":\"https:\\\/\\\/zawapak.pl\\\/?page_id=718#breadcrumb\"},\"inLanguage\":\"pl-PL\",\"potentialAction\":[{\"@type\":\"ReadAction\",\"target\":[\"https:\\\/\\\/zawapak.pl\\\/?page_id=718\"]}]},{\"@type\":\"BreadcrumbList\",\"@id\":\"https:\\\/\\\/zawapak.pl\\\/?page_id=718#breadcrumb\",\"itemListElement\":[{\"@type\":\"ListItem\",\"position\":1,\"name\":\"Strona g\u0142\u00f3wna\",\"item\":\"https:\\\/\\\/zawapak.pl\\\/\"},{\"@type\":\"ListItem\",\"position\":2,\"name\":\"Katalogi\"}]},{\"@type\":\"WebSite\",\"@id\":\"https:\\\/\\\/zawapak.pl\\\/#website\",\"url\":\"https:\\\/\\\/zawapak.pl\\\/\",\"name\":\"Zawapak.pl\",\"description\":\"producent \u015bwieczek\",\"publisher\":{\"@id\":\"https:\\\/\\\/zawapak.pl\\\/#organization\"},\"potentialAction\":[{\"@type\":\"SearchAction\",\"target\":{\"@type\":\"EntryPoint\",\"urlTemplate\":\"https:\\\/\\\/zawapak.pl\\\/?s={search_term_string}\"},\"query-input\":{\"@type\":\"PropertyValueSpecification\",\"valueRequired\":true,\"valueName\":\"search_term_string\"}}],\"inLanguage\":\"pl-PL\"},{\"@type\":\"Organization\",\"@id\":\"https:\\\/\\\/zawapak.pl\\\/#organization\",\"name\":\"F.PHU ZAWA-PAK \u0141ukasz Zawalski\",\"url\":\"https:\\\/\\\/zawapak.pl\\\/\",\"logo\":{\"@type\":\"ImageObject\",\"inLanguage\":\"pl-PL\",\"@id\":\"https:\\\/\\\/zawapak.pl\\\/#\\\/schema\\\/logo\\\/image\\\/\",\"url\":\"https:\\\/\\\/zawapak.pl\\\/wp-content\\\/uploads\\\/2024\\\/08\\\/zawapak-logo.png\",\"contentUrl\":\"https:\\\/\\\/zawapak.pl\\\/wp-content\\\/uploads\\\/2024\\\/08\\\/zawapak-logo.png\",\"width\":200,\"height\":147,\"caption\":\"F.PHU ZAWA-PAK \u0141ukasz Zawalski\"},\"image\":{\"@id\":\"https:\\\/\\\/zawapak.pl\\\/#\\\/schema\\\/logo\\\/image\\\/\"},\"sameAs\":[\"https:\\\/\\\/www.facebook.com\\\/zawapak\",\"https:\\\/\\\/www.linkedin.com\\\/company\\\/zawapak\\\/about\\\/\"]}]}<\/script>\n<!-- \/ Yoast SEO plugin. -->","yoast_head_json":{"title":"Katalogi - Zawapak.pl","robots":{"index":"index","follow":"follow","max-snippet":"max-snippet:-1","max-image-preview":"max-image-preview:large","max-video-preview":"max-video-preview:-1"},"canonical":"https:\/\/zawapak.pl\/?page_id=718","og_locale":"pl_PL","og_type":"article","og_title":"Katalogi - Zawapak.pl","og_description":"Nasze Katalogi Klikni\u0119cie w wybran\u0105 ok\u0142adk\u0119 otworzy katalog w nowym oknie. Katalog \u015awiec Klasycznych Katalog \u015awiec Rustykalnych Katalog \u015awiec Religijnych Katalog Podgrzewaczy Katalog \u015awiec Bo\u017conarodzeniowych Katalog \u015awiec Wielkanocnych Katalog \u015awiec Komunijnych Katalog \u015awiec Walentynkowych Katalog Lampion\u00f3w Katalog Ogr\u00f3d","og_url":"https:\/\/zawapak.pl\/?page_id=718","og_site_name":"Zawapak.pl","article_publisher":"https:\/\/www.facebook.com\/zawapak","article_modified_time":"2026-02-15T15:54:59+00:00","twitter_card":"summary_large_image","schema":{"@context":"https:\/\/schema.org","@graph":[{"@type":"WebPage","@id":"https:\/\/zawapak.pl\/?page_id=718","url":"https:\/\/zawapak.pl\/?page_id=718","name":"Katalogi - Zawapak.pl","isPartOf":{"@id":"https:\/\/zawapak.pl\/#website"},"datePublished":"2023-01-09T14:56:02+00:00","dateModified":"2026-02-15T15:54:59+00:00","breadcrumb":{"@id":"https:\/\/zawapak.pl\/?page_id=718#breadcrumb"},"inLanguage":"pl-PL","potentialAction":[{"@type":"ReadAction","target":["https:\/\/zawapak.pl\/?page_id=718"]}]},{"@type":"BreadcrumbList","@id":"https:\/\/zawapak.pl\/?page_id=718#breadcrumb","itemListElement":[{"@type":"ListItem","position":1,"name":"Strona g\u0142\u00f3wna","item":"https:\/\/zawapak.pl\/"},{"@type":"ListItem","position":2,"name":"Katalogi"}]},{"@type":"WebSite","@id":"https:\/\/zawapak.pl\/#website","url":"https:\/\/zawapak.pl\/","name":"Zawapak.pl","description":"producent \u015bwieczek","publisher":{"@id":"https:\/\/zawapak.pl\/#organization"},"potentialAction":[{"@type":"SearchAction","target":{"@type":"EntryPoint","urlTemplate":"https:\/\/zawapak.pl\/?s={search_term_string}"},"query-input":{"@type":"PropertyValueSpecification","valueRequired":true,"valueName":"search_term_string"}}],"inLanguage":"pl-PL"},{"@type":"Organization","@id":"https:\/\/zawapak.pl\/#organization","name":"F.PHU ZAWA-PAK \u0141ukasz Zawalski","url":"https:\/\/zawapak.pl\/","logo":{"@type":"ImageObject","inLanguage":"pl-PL","@id":"https:\/\/zawapak.pl\/#\/schema\/logo\/image\/","url":"https:\/\/zawapak.pl\/wp-content\/uploads\/2024\/08\/zawapak-logo.png","contentUrl":"https:\/\/zawapak.pl\/wp-content\/uploads\/2024\/08\/zawapak-logo.png","width":200,"height":147,"caption":"F.PHU ZAWA-PAK \u0141ukasz Zawalski"},"image":{"@id":"https:\/\/zawapak.pl\/#\/schema\/logo\/image\/"},"sameAs":["https:\/\/www.facebook.com\/zawapak","https:\/\/www.linkedin.com\/company\/zawapak\/about\/"]}]}},"_links":{"self":[{"href":"https:\/\/zawapak.pl\/index.php?rest_route=\/wp\/v2\/pages\/718","targetHints":{"allow":["GET"]}}],"collection":[{"href":"https:\/\/zawapak.pl\/index.php?rest_route=\/wp\/v2\/pages"}],"about":[{"href":"https:\/\/zawapak.pl\/index.php?rest_route=\/wp\/v2\/types\/page"}],"author":[{"embeddable":true,"href":"https:\/\/zawapak.pl\/index.php?rest_route=\/wp\/v2\/users\/4"}],"replies":[{"embeddable":true,"href":"https:\/\/zawapak.pl\/index.php?rest_route=%2Fwp%2Fv2%2Fcomments&post=718"}],"version-history":[{"count":26,"href":"https:\/\/zawapak.pl\/index.php?rest_route=\/wp\/v2\/pages\/718\/revisions"}],"predecessor-version":[{"id":1603,"href":"https:\/\/zawapak.pl\/index.php?rest_route=\/wp\/v2\/pages\/718\/revisions\/1603"}],"wp:attachment":[{"href":"https:\/\/zawapak.pl\/index.php?rest_route=%2Fwp%2Fv2%2Fmedia&parent=718"}],"curies":[{"name":"wp","href":"https:\/\/api.w.org\/{rel}","templated":true}]}}