{"id":629,"date":"2023-01-06T22:36:57","date_gmt":"2023-01-06T21:36:57","guid":{"rendered":"https:\/\/zawapak.pl\/?page_id=629"},"modified":"2023-04-11T14:16:00","modified_gmt":"2023-04-11T12:16:00","slug":"showroom-zawapak","status":"publish","type":"page","link":"https:\/\/zawapak.pl\/?page_id=629","title":{"rendered":"showroom"},"content":{"rendered":"\n    \n    <section class=\"u-clearfix u-section-2\" id=\"sec-d062\">\n      <div class=\"u-clearfix u-sheet u-sheet-1\">\n        <div class=\"u-align-center u-container-style u-group u-group-1\">\n          <div class=\"u-container-layout u-container-layout-1\">\n            <h2 class=\"u-text u-text-default u-text-1\">Je\u015bli jeste\u015b zainteresowany naszymi produktami, kliknij \"Zam\u00f3w\" i skontaktuj si\u0119 z nami.<\/h2>\n          <\/div>\n        <\/div>\n        <div class=\"u-clearfix u-expanded-width u-gutter-14 u-layout-wrap u-layout-wrap-1\">\n          <div class=\"u-layout\">\n            <div class=\"u-layout-row\">\n              <div class=\"u-container-style u-image u-layout-cell u-size-30 u-image-1\" data-image-width=\"1200\" data-image-height=\"1716\" style=\"background-image: url(&quot;https:\/\/zawapak.pl\/wp-content\/uploads\/2023\/04\/MOBILNYShowRoom2.jpg&quot;);\">\n                <div class=\"u-container-layout u-container-layout-2\">\n                  <a href=\"https:\/\/zawapak.pl\/?page_id=1040\" class=\"u-border-2 u-border-hover-white u-border-white u-btn u-btn-round u-button-style u-none u-radius-6 u-text-hover-white u-text-white u-btn-1\" target=\"_blank\">Zam\u00f3w<\/a>\n                <\/div>\n              <\/div>\n              <div class=\"u-container-align-center u-container-style u-image u-layout-cell u-size-30 u-image-2\" data-image-width=\"1200\" data-image-height=\"1716\" style=\"background-image: url(&quot;https:\/\/zawapak.pl\/wp-content\/uploads\/2023\/04\/ShowRoom_jasny_braz.jpg&quot;);\">\n                <div class=\"u-container-layout u-container-layout-3\"><\/div>\n              <\/div>\n            <\/div>\n          <\/div>\n        <\/div>\n      <\/div>\n    <\/section>\n    \n    \n  \n","protected":false},"excerpt":{"rendered":"<p>Je\u015bli jeste\u015b zainteresowany naszymi produktami, kliknij &#8222;Zam\u00f3w&#8221; i skontaktuj si\u0119 z nami. Zam\u00f3w<\/p>\n","protected":false},"author":4,"featured_media":0,"parent":0,"menu_order":0,"comment_status":"closed","ping_status":"closed","template":"","meta":{"footnotes":""},"class_list":["post-629","page","type-page","status-publish","hentry"],"yoast_head":"<!-- This site is optimized with the Yoast SEO plugin v27.6 - https:\/\/yoast.com\/product\/yoast-seo-wordpress\/ -->\n<title>showroom - Zawapak.pl<\/title>\n<meta name=\"robots\" content=\"index, follow, max-snippet:-1, max-image-preview:large, max-video-preview:-1\" \/>\n<link rel=\"canonical\" href=\"https:\/\/zawapak.pl\/?page_id=629\" \/>\n<meta property=\"og:locale\" content=\"pl_PL\" \/>\n<meta property=\"og:type\" content=\"article\" \/>\n<meta property=\"og:title\" content=\"showroom - Zawapak.pl\" \/>\n<meta property=\"og:description\" content=\"Je\u015bli jeste\u015b zainteresowany naszymi produktami, kliknij &quot;Zam\u00f3w&quot; i skontaktuj si\u0119 z nami. Zam\u00f3w\" \/>\n<meta property=\"og:url\" content=\"https:\/\/zawapak.pl\/?page_id=629\" \/>\n<meta property=\"og:site_name\" content=\"Zawapak.pl\" \/>\n<meta property=\"article:publisher\" content=\"https:\/\/www.facebook.com\/zawapak\" \/>\n<meta property=\"article:modified_time\" content=\"2023-04-11T12:16:00+00:00\" \/>\n<meta name=\"twitter:card\" content=\"summary_large_image\" \/>\n<script type=\"application\/ld+json\" class=\"yoast-schema-graph\">{\"@context\":\"https:\\\/\\\/schema.org\",\"@graph\":[{\"@type\":\"WebPage\",\"@id\":\"https:\\\/\\\/zawapak.pl\\\/?page_id=629\",\"url\":\"https:\\\/\\\/zawapak.pl\\\/?page_id=629\",\"name\":\"showroom - Zawapak.pl\",\"isPartOf\":{\"@id\":\"https:\\\/\\\/zawapak.pl\\\/#website\"},\"datePublished\":\"2023-01-06T21:36:57+00:00\",\"dateModified\":\"2023-04-11T12:16:00+00:00\",\"breadcrumb\":{\"@id\":\"https:\\\/\\\/zawapak.pl\\\/?page_id=629#breadcrumb\"},\"inLanguage\":\"pl-PL\",\"potentialAction\":[{\"@type\":\"ReadAction\",\"target\":[\"https:\\\/\\\/zawapak.pl\\\/?page_id=629\"]}]},{\"@type\":\"BreadcrumbList\",\"@id\":\"https:\\\/\\\/zawapak.pl\\\/?page_id=629#breadcrumb\",\"itemListElement\":[{\"@type\":\"ListItem\",\"position\":1,\"name\":\"Strona g\u0142\u00f3wna\",\"item\":\"https:\\\/\\\/zawapak.pl\\\/\"},{\"@type\":\"ListItem\",\"position\":2,\"name\":\"showroom\"}]},{\"@type\":\"WebSite\",\"@id\":\"https:\\\/\\\/zawapak.pl\\\/#website\",\"url\":\"https:\\\/\\\/zawapak.pl\\\/\",\"name\":\"Zawapak.pl\",\"description\":\"producent \u015bwieczek\",\"publisher\":{\"@id\":\"https:\\\/\\\/zawapak.pl\\\/#organization\"},\"potentialAction\":[{\"@type\":\"SearchAction\",\"target\":{\"@type\":\"EntryPoint\",\"urlTemplate\":\"https:\\\/\\\/zawapak.pl\\\/?s={search_term_string}\"},\"query-input\":{\"@type\":\"PropertyValueSpecification\",\"valueRequired\":true,\"valueName\":\"search_term_string\"}}],\"inLanguage\":\"pl-PL\"},{\"@type\":\"Organization\",\"@id\":\"https:\\\/\\\/zawapak.pl\\\/#organization\",\"name\":\"F.PHU ZAWA-PAK \u0141ukasz Zawalski\",\"url\":\"https:\\\/\\\/zawapak.pl\\\/\",\"logo\":{\"@type\":\"ImageObject\",\"inLanguage\":\"pl-PL\",\"@id\":\"https:\\\/\\\/zawapak.pl\\\/#\\\/schema\\\/logo\\\/image\\\/\",\"url\":\"https:\\\/\\\/zawapak.pl\\\/wp-content\\\/uploads\\\/2024\\\/08\\\/zawapak-logo.png\",\"contentUrl\":\"https:\\\/\\\/zawapak.pl\\\/wp-content\\\/uploads\\\/2024\\\/08\\\/zawapak-logo.png\",\"width\":200,\"height\":147,\"caption\":\"F.PHU ZAWA-PAK \u0141ukasz Zawalski\"},\"image\":{\"@id\":\"https:\\\/\\\/zawapak.pl\\\/#\\\/schema\\\/logo\\\/image\\\/\"},\"sameAs\":[\"https:\\\/\\\/www.facebook.com\\\/zawapak\",\"https:\\\/\\\/www.linkedin.com\\\/company\\\/zawapak\\\/about\\\/\"]}]}<\/script>\n<!-- \/ Yoast SEO plugin. -->","yoast_head_json":{"title":"showroom - Zawapak.pl","robots":{"index":"index","follow":"follow","max-snippet":"max-snippet:-1","max-image-preview":"max-image-preview:large","max-video-preview":"max-video-preview:-1"},"canonical":"https:\/\/zawapak.pl\/?page_id=629","og_locale":"pl_PL","og_type":"article","og_title":"showroom - Zawapak.pl","og_description":"Je\u015bli jeste\u015b zainteresowany naszymi produktami, kliknij \"Zam\u00f3w\" i skontaktuj si\u0119 z nami. Zam\u00f3w","og_url":"https:\/\/zawapak.pl\/?page_id=629","og_site_name":"Zawapak.pl","article_publisher":"https:\/\/www.facebook.com\/zawapak","article_modified_time":"2023-04-11T12:16:00+00:00","twitter_card":"summary_large_image","schema":{"@context":"https:\/\/schema.org","@graph":[{"@type":"WebPage","@id":"https:\/\/zawapak.pl\/?page_id=629","url":"https:\/\/zawapak.pl\/?page_id=629","name":"showroom - Zawapak.pl","isPartOf":{"@id":"https:\/\/zawapak.pl\/#website"},"datePublished":"2023-01-06T21:36:57+00:00","dateModified":"2023-04-11T12:16:00+00:00","breadcrumb":{"@id":"https:\/\/zawapak.pl\/?page_id=629#breadcrumb"},"inLanguage":"pl-PL","potentialAction":[{"@type":"ReadAction","target":["https:\/\/zawapak.pl\/?page_id=629"]}]},{"@type":"BreadcrumbList","@id":"https:\/\/zawapak.pl\/?page_id=629#breadcrumb","itemListElement":[{"@type":"ListItem","position":1,"name":"Strona g\u0142\u00f3wna","item":"https:\/\/zawapak.pl\/"},{"@type":"ListItem","position":2,"name":"showroom"}]},{"@type":"WebSite","@id":"https:\/\/zawapak.pl\/#website","url":"https:\/\/zawapak.pl\/","name":"Zawapak.pl","description":"producent \u015bwieczek","publisher":{"@id":"https:\/\/zawapak.pl\/#organization"},"potentialAction":[{"@type":"SearchAction","target":{"@type":"EntryPoint","urlTemplate":"https:\/\/zawapak.pl\/?s={search_term_string}"},"query-input":{"@type":"PropertyValueSpecification","valueRequired":true,"valueName":"search_term_string"}}],"inLanguage":"pl-PL"},{"@type":"Organization","@id":"https:\/\/zawapak.pl\/#organization","name":"F.PHU ZAWA-PAK \u0141ukasz Zawalski","url":"https:\/\/zawapak.pl\/","logo":{"@type":"ImageObject","inLanguage":"pl-PL","@id":"https:\/\/zawapak.pl\/#\/schema\/logo\/image\/","url":"https:\/\/zawapak.pl\/wp-content\/uploads\/2024\/08\/zawapak-logo.png","contentUrl":"https:\/\/zawapak.pl\/wp-content\/uploads\/2024\/08\/zawapak-logo.png","width":200,"height":147,"caption":"F.PHU ZAWA-PAK \u0141ukasz Zawalski"},"image":{"@id":"https:\/\/zawapak.pl\/#\/schema\/logo\/image\/"},"sameAs":["https:\/\/www.facebook.com\/zawapak","https:\/\/www.linkedin.com\/company\/zawapak\/about\/"]}]}},"_links":{"self":[{"href":"https:\/\/zawapak.pl\/index.php?rest_route=\/wp\/v2\/pages\/629","targetHints":{"allow":["GET"]}}],"collection":[{"href":"https:\/\/zawapak.pl\/index.php?rest_route=\/wp\/v2\/pages"}],"about":[{"href":"https:\/\/zawapak.pl\/index.php?rest_route=\/wp\/v2\/types\/page"}],"author":[{"embeddable":true,"href":"https:\/\/zawapak.pl\/index.php?rest_route=\/wp\/v2\/users\/4"}],"replies":[{"embeddable":true,"href":"https:\/\/zawapak.pl\/index.php?rest_route=%2Fwp%2Fv2%2Fcomments&post=629"}],"version-history":[{"count":9,"href":"https:\/\/zawapak.pl\/index.php?rest_route=\/wp\/v2\/pages\/629\/revisions"}],"predecessor-version":[{"id":1154,"href":"https:\/\/zawapak.pl\/index.php?rest_route=\/wp\/v2\/pages\/629\/revisions\/1154"}],"wp:attachment":[{"href":"https:\/\/zawapak.pl\/index.php?rest_route=%2Fwp%2Fv2%2Fmedia&parent=629"}],"curies":[{"name":"wp","href":"https:\/\/api.w.org\/{rel}","templated":true}]}}