{"id":339,"date":"2022-06-12T12:17:08","date_gmt":"2022-06-12T10:17:08","guid":{"rendered":"http:\/\/zawapak.pl\/?page_id=339"},"modified":"2024-11-05T22:27:26","modified_gmt":"2024-11-05T21:27:26","slug":"nowosci","status":"publish","type":"page","link":"https:\/\/zawapak.pl\/?page_id=339","title":{"rendered":"Nowo\u015bci"},"content":{"rendered":"\n    \n    <section class=\"u-align-center u-clearfix u-container-align-center u-container-align-center-xl u-grey-5 u-section-2\" id=\"sec-c39e\">\n      <div class=\"u-clearfix u-sheet u-valign-middle-sm u-sheet-1\">\n        <h2 class=\"u-align-center u-text u-text-black u-text-1\"> Czarna&nbsp; \u015awieca \u2013 Elegancja, G\u0142\u0119boka Symbolika i\n        Wyrafinowany Styl<\/h2>\n        <div class=\"u-expanded-width u-gallery u-layout-grid u-lightbox u-show-text-on-hover u-gallery-1\">\n          <div class=\"u-gallery-inner u-gallery-inner-1\">\n            <div class=\"u-effect-fade u-gallery-item\">\n              <div class=\"u-back-slide u-back-slide-1\" data-image-width=\"1600\" data-image-height=\"600\">\n                <img decoding=\"async\" src=\"https:\/\/zawapak.pl\/wp-content\/uploads\/2024\/10\/swiece-klasyczne-czarne-zawapak.jpg\" alt=\"\" data-image-width=\"2000\" data-image-height=\"1333\" class=\"u-back-image u-expanded\">\n              <\/div>\n              <div class=\"u-over-slide u-shading u-over-slide-1\"><\/div>\n            <\/div>\n          <\/div>\n        <\/div>\n        <div class=\"u-expanded-width-md u-expanded-width-sm u-expanded-width-xs u-gallery u-layout-grid u-lightbox u-show-text-on-hover u-gallery-2\">\n          <div class=\"u-gallery-inner u-gallery-inner-2\">\n            <div class=\"u-effect-fade u-gallery-item\">\n              <div class=\"u-back-slide\" data-image-width=\"2526\" data-image-height=\"1683\">\n                <img decoding=\"async\" class=\"u-back-image u-expanded u-back-image-2\" src=\"https:\/\/zawapak.pl\/wp-content\/uploads\/2024\/10\/czarna-swieca-walec.jpg\" alt=\"\">\n              <\/div>\n              <div class=\"u-over-slide u-shading u-over-slide-2\"><\/div>\n            <\/div>\n          <\/div>\n        <\/div>\n        <p class=\"u-align-center u-text u-text-2\">\n          <span style=\"font-weight: 700;\"> Czarna \u015bwieca<\/span> to co\u015b wi\u0119cej ni\u017c element\n          dekoracyjny \u2013 to subtelne po\u0142\u0105czenie elegancji, tajemnicy i\n          g\u0142\u0119bokiego znaczenia. Historia czarnego koloru si\u0119ga setek lat\n          wstecz, kiedy by\u0142 uto\u017csamiany z si\u0142\u0105, moc\u0105 i tajemniczo\u015bci\u0105. W\n          wielu kulturach czarny symbolizowa\u0142 powag\u0119, ochron\u0119 i\n          bezpiecze\u0144stwo. W \u015bredniowieczu czarny kojarzono z duchowo\u015bci\u0105\n          i r\u00f3wnowag\u0105 \u2013 wierzono, \u017ce chroni przed z\u0142\u0105 energi\u0105, a tak\u017ce\n          symbolizuje transformacj\u0119 i nowy pocz\u0105tek. Dzi\u015b czarna \u015bwieca\n          nadal kryje w sobie nut\u0119 tajemnicy, ale wsp\u00f3\u0142cze\u015bnie jest\n          r\u00f3wnie\u017c symbolem luksusu, elegancji i wyrafinowanego gustu.\n        <\/p>\n        <div class=\"u-expanded-width-sm u-expanded-width-xs u-gallery u-layout-grid u-lightbox u-show-text-on-hover u-gallery-3\">\n          <div class=\"u-gallery-inner u-gallery-inner-3\">\n            <div class=\"u-effect-fade u-gallery-item\">\n              <div class=\"u-back-slide u-back-slide-3\" data-image-width=\"2948\" data-image-height=\"1966\">\n                <img decoding=\"async\" src=\"https:\/\/zawapak.pl\/wp-content\/uploads\/2024\/10\/czarna-swieca-krecona-scaled.jpg\" alt=\"\" data-image-width=\"2000\" data-image-height=\"1333\" class=\"u-back-image u-expanded\">\n              <\/div>\n              <div class=\"u-over-slide u-shading u-over-slide-3\"><\/div>\n            <\/div>\n          <\/div>\n        <\/div>\n        <p class=\"u-align-center u-text u-text-3\">\n          <span style=\"font-weight: 700;\"><\/span>Nasza czarna \u015bwieca zosta\u0142a\n          stworzona z my\u015bl\u0105 o tych, kt\u00f3rzy poszukuj\u0105 wyj\u0105tkowych\n          dodatk\u00f3w do wn\u0119trz. Jej g\u0142\u0119boka czer\u0144 wprowadza\n          do pomieszczenia atmosfer\u0119 pe\u0142n\u0105 harmonii, a zarazem\n          wyrazistej estetyki. W po\u0142\u0105czeniu z minimalistycznymi\n          aran\u017cacjami, w kt\u00f3rych dominuj\u0105 odcienie szaro\u015bci, bieli i\n          be\u017cu, staje si\u0119 doskona\u0142ym akcentem, przyci\u0105gaj\u0105cym wzrok i\n          nadaj\u0105cym wn\u0119trzu g\u0142\u0119bi. Z drugiej strony, w bardziej\n          eklektycznych przestrzeniach, gdzie dominuj\u0105 intensywne kolory\n          i r\u00f3\u017cnorodne tekstury, czarna \u015bwieca doskonale r\u00f3wnowa\u017cy\n          aran\u017cacj\u0119, dodaj\u0105c jej spokoju i stylowego charakteru.\n        <\/p>\n        <div class=\"u-expanded-width-sm u-expanded-width-xs u-gallery u-layout-grid u-lightbox u-show-text-on-hover u-gallery-4\">\n          <div class=\"u-gallery-inner u-gallery-inner-4\">\n            <div class=\"u-effect-fade u-gallery-item\">\n              <div class=\"u-back-slide\" data-image-width=\"4272\" data-image-height=\"2848\">\n                <img decoding=\"async\" class=\"u-back-image u-expanded u-back-image-4\" src=\"https:\/\/zawapak.pl\/wp-content\/uploads\/2024\/10\/czarna-swieca-plywak-scaled.jpg\" alt=\"\">\n              <\/div>\n              <div class=\"u-over-slide u-shading u-over-slide-4\"><\/div>\n            <\/div>\n          <\/div>\n        <\/div>\n        <p class=\"u-align-center u-text u-text-4\">\n          <span style=\"font-weight: 700;\"><\/span>Wykorzystanie czarnej \u015bwiecy w dekoracji wn\u0119trz\n          daje ogromne mo\u017cliwo\u015bci \u2013 sprawdzi si\u0119 zar\u00f3wno w nowoczesnych\n          salonach, jak i klasycznych jadalniach czy nawet sypialniach\n          urz\u0105dzonych w stylu glamour. Jest to idealna ozdoba na\n          wieczorne kolacje przy \u015bwiecach, dodaj\u0105ca nastroju i\n          elegancji.&nbsp;Wybieraj\u0105c nasz\u0105 czarn\u0105 \u015bwiec\u0119, si\u0119gasz po\n          produkt nie tylko estetyczny, ale i symboliczny \u2013 idealny dla\n          os\u00f3b, kt\u00f3re chc\u0105 wyrazi\u0107 swoj\u0105 osobowo\u015b\u0107 przez detale i\n          podkre\u015bli\u0107 wyj\u0105tkowy charakter swojego wn\u0119trza.\n        <\/p>\n        <div class=\"u-expanded-width u-gallery u-layout-grid u-lightbox u-show-text-on-hover u-gallery-5\">\n          <div class=\"u-gallery-inner u-gallery-inner-5\">\n            <div class=\"u-effect-fade u-gallery-item\">\n              <div class=\"u-back-slide\" data-image-width=\"2560\" data-image-height=\"1707\">\n                <img decoding=\"async\" class=\"u-back-image u-expanded u-back-image-5\" src=\"https:\/\/zawapak.pl\/wp-content\/uploads\/2024\/10\/czarna-swieca-kula-barwiona-scaled.jpg\" alt=\"\">\n              <\/div>\n              <div class=\"u-over-slide u-shading u-over-slide-5\"><\/div>\n            <\/div>\n            <div class=\"u-effect-fade u-gallery-item\">\n              <div class=\"u-back-slide\" data-image-width=\"2560\" data-image-height=\"1707\">\n                <img decoding=\"async\" class=\"u-back-image u-expanded u-back-image-6\" src=\"https:\/\/zawapak.pl\/wp-content\/uploads\/2024\/10\/czarna-swieca-stozek-scaled.jpg\" alt=\"\">\n              <\/div>\n              <div class=\"u-over-slide u-shading u-over-slide-6\"><\/div>\n            <\/div>\n          <\/div>\n        <\/div>\n        <div class=\"u-expanded-width u-gallery u-layout-grid u-lightbox u-show-text-on-hover u-gallery-6\">\n          <div class=\"u-gallery-inner u-gallery-inner-6\">\n            <div class=\"u-effect-fade u-gallery-item\">\n              <div class=\"u-back-slide\" data-image-width=\"2560\" data-image-height=\"1707\">\n                <img decoding=\"async\" class=\"u-back-image u-expanded u-back-image-7\" src=\"https:\/\/zawapak.pl\/wp-content\/uploads\/2024\/10\/czarna-swieca-plywak-zawapak-scaled.jpg\" alt=\"\">\n              <\/div>\n              <div class=\"u-over-slide u-shading u-over-slide-7\"><\/div>\n            <\/div>\n          <\/div>\n        <\/div>\n      <\/div>\n    <\/section>\n    <section class=\"u-align-center u-clearfix u-container-align-center u-container-align-center-lg u-container-align-center-xl u-grey-5 u-section-3\" id=\"carousel_4e43\">\n      <div class=\"u-clearfix u-sheet u-valign-middle-lg u-valign-middle-md u-sheet-1\">\n        <div class=\"u-expanded-width u-gallery u-layout-grid u-lightbox u-show-text-on-hover u-gallery-1\">\n          <div class=\"u-gallery-inner u-gallery-inner-1\">\n            <div class=\"u-effect-fade u-gallery-item\">\n              <div class=\"u-back-slide u-back-slide-1\" data-image-width=\"3673\" data-image-height=\"2449\">\n                <img decoding=\"async\" src=\"https:\/\/zawapak.pl\/wp-content\/uploads\/2024\/10\/czarna-swieca-twist-zawapak-scaled.jpg\" alt=\"\" data-image-width=\"2000\" data-image-height=\"1333\" class=\"u-back-image u-expanded\">\n              <\/div>\n              <div class=\"u-over-slide u-shading u-over-slide-1\"><\/div>\n            <\/div>\n            <div class=\"u-effect-fade u-gallery-item\">\n              <div class=\"u-back-slide\" data-image-width=\"2742\" data-image-height=\"1828\">\n                <img decoding=\"async\" class=\"u-back-image u-expanded u-back-image-2\" src=\"https:\/\/zawapak.pl\/wp-content\/uploads\/2024\/10\/czarna-swieca-krecona-twist-scaled.jpg\" alt=\"\">\n              <\/div>\n              <div class=\"u-over-slide u-shading u-over-slide-2\"><\/div>\n            <\/div>\n          <\/div>\n        <\/div>\n        <div class=\"u-expanded-width u-gallery u-layout-grid u-lightbox u-show-text-on-hover u-gallery-2\">\n          <div class=\"u-gallery-inner u-gallery-inner-2\">\n            <div class=\"u-effect-fade u-gallery-item\">\n              <div class=\"u-back-slide u-back-slide-3\" data-image-width=\"2984\" data-image-height=\"1989\">\n                <img decoding=\"async\" src=\"https:\/\/zawapak.pl\/wp-content\/uploads\/2024\/10\/czarna-swieca-kula-scaled.jpg\" alt=\"\" data-image-width=\"2000\" data-image-height=\"1333\" class=\"u-back-image u-expanded\">\n              <\/div>\n              <div class=\"u-over-slide u-shading u-over-slide-3\"><\/div>\n            <\/div>\n            <div class=\"u-effect-fade u-gallery-item\">\n              <div class=\"u-back-slide\" data-image-width=\"2142\" data-image-height=\"1429\">\n                <img decoding=\"async\" class=\"u-back-image u-expanded u-back-image-4\" src=\"https:\/\/zawapak.pl\/wp-content\/uploads\/2024\/10\/czarna-swieca-kula-zawapak.jpg\" alt=\"\">\n              <\/div>\n              <div class=\"u-over-slide u-shading u-over-slide-4\"><\/div>\n            <\/div>\n          <\/div>\n        <\/div>\n        <div class=\"u-expanded-width u-gallery u-layout-grid u-lightbox u-show-text-on-hover u-gallery-3\">\n          <div class=\"u-gallery-inner u-gallery-inner-3\">\n            <div class=\"u-effect-fade u-gallery-item\">\n              <div class=\"u-back-slide u-back-slide-5\" data-image-width=\"2655\" data-image-height=\"1770\">\n                <img decoding=\"async\" src=\"https:\/\/zawapak.pl\/wp-content\/uploads\/2024\/10\/czarna-swieca-kula-lakier-scaled.jpg\" alt=\"\" data-image-width=\"2000\" data-image-height=\"1333\" class=\"u-back-image u-expanded\">\n              <\/div>\n              <div class=\"u-over-slide u-shading u-over-slide-5\"><\/div>\n            <\/div>\n          <\/div>\n        <\/div>\n      <\/div>\n    <\/section>\n    \n    \n    \n  \n","protected":false},"excerpt":{"rendered":"<p>Czarna&nbsp; \u015awieca \u2013 Elegancja, G\u0142\u0119boka Symbolika i Wyrafinowany Styl Czarna \u015bwieca to co\u015b wi\u0119cej ni\u017c element dekoracyjny \u2013 to subtelne po\u0142\u0105czenie elegancji, tajemnicy i g\u0142\u0119bokiego znaczenia. Historia czarnego koloru si\u0119ga setek lat wstecz, kiedy by\u0142 uto\u017csamiany z si\u0142\u0105, moc\u0105 i tajemniczo\u015bci\u0105. W wielu kulturach czarny symbolizowa\u0142 powag\u0119, ochron\u0119 i bezpiecze\u0144stwo. W \u015bredniowieczu czarny kojarzono z &hellip; <a href=\"https:\/\/zawapak.pl\/?page_id=339\" class=\"more-link\">Continue reading<span class=\"screen-reader-text\"> &#8222;Nowo\u015bci&#8221;<\/span><\/a><\/p>\n","protected":false},"author":1,"featured_media":0,"parent":0,"menu_order":0,"comment_status":"closed","ping_status":"closed","template":"","meta":{"footnotes":""},"class_list":["post-339","page","type-page","status-publish","hentry"],"yoast_head":"<!-- This site is optimized with the Yoast SEO plugin v27.4 - https:\/\/yoast.com\/product\/yoast-seo-wordpress\/ -->\n<title>Nowo\u015bci - Zawapak.pl<\/title>\n<meta name=\"robots\" content=\"index, follow, max-snippet:-1, max-image-preview:large, max-video-preview:-1\" \/>\n<link rel=\"canonical\" href=\"https:\/\/zawapak.pl\/?page_id=339\" \/>\n<meta property=\"og:locale\" content=\"pl_PL\" \/>\n<meta property=\"og:type\" content=\"article\" \/>\n<meta property=\"og:title\" content=\"Nowo\u015bci - Zawapak.pl\" \/>\n<meta property=\"og:description\" content=\"Czarna&nbsp; \u015awieca \u2013 Elegancja, G\u0142\u0119boka Symbolika i Wyrafinowany Styl Czarna \u015bwieca to co\u015b wi\u0119cej ni\u017c element dekoracyjny \u2013 to subtelne po\u0142\u0105czenie elegancji, tajemnicy i g\u0142\u0119bokiego znaczenia. Historia czarnego koloru si\u0119ga setek lat wstecz, kiedy by\u0142 uto\u017csamiany z si\u0142\u0105, moc\u0105 i tajemniczo\u015bci\u0105. W wielu kulturach czarny symbolizowa\u0142 powag\u0119, ochron\u0119 i bezpiecze\u0144stwo. W \u015bredniowieczu czarny kojarzono z &hellip; Continue reading &quot;Nowo\u015bci&quot;\" \/>\n<meta property=\"og:url\" content=\"https:\/\/zawapak.pl\/?page_id=339\" \/>\n<meta property=\"og:site_name\" content=\"Zawapak.pl\" \/>\n<meta property=\"article:publisher\" content=\"https:\/\/www.facebook.com\/zawapak\" \/>\n<meta property=\"article:modified_time\" content=\"2024-11-05T21:27:26+00:00\" \/>\n<meta name=\"twitter:card\" content=\"summary_large_image\" \/>\n<meta name=\"twitter:label1\" content=\"Szacowany czas czytania\" \/>\n\t<meta name=\"twitter:data1\" content=\"1 minuta\" \/>\n<script type=\"application\/ld+json\" class=\"yoast-schema-graph\">{\"@context\":\"https:\\\/\\\/schema.org\",\"@graph\":[{\"@type\":\"WebPage\",\"@id\":\"https:\\\/\\\/zawapak.pl\\\/?page_id=339\",\"url\":\"https:\\\/\\\/zawapak.pl\\\/?page_id=339\",\"name\":\"Nowo\u015bci - Zawapak.pl\",\"isPartOf\":{\"@id\":\"https:\\\/\\\/zawapak.pl\\\/#website\"},\"datePublished\":\"2022-06-12T10:17:08+00:00\",\"dateModified\":\"2024-11-05T21:27:26+00:00\",\"breadcrumb\":{\"@id\":\"https:\\\/\\\/zawapak.pl\\\/?page_id=339#breadcrumb\"},\"inLanguage\":\"pl-PL\",\"potentialAction\":[{\"@type\":\"ReadAction\",\"target\":[\"https:\\\/\\\/zawapak.pl\\\/?page_id=339\"]}]},{\"@type\":\"BreadcrumbList\",\"@id\":\"https:\\\/\\\/zawapak.pl\\\/?page_id=339#breadcrumb\",\"itemListElement\":[{\"@type\":\"ListItem\",\"position\":1,\"name\":\"Strona g\u0142\u00f3wna\",\"item\":\"https:\\\/\\\/zawapak.pl\\\/\"},{\"@type\":\"ListItem\",\"position\":2,\"name\":\"Nowo\u015bci\"}]},{\"@type\":\"WebSite\",\"@id\":\"https:\\\/\\\/zawapak.pl\\\/#website\",\"url\":\"https:\\\/\\\/zawapak.pl\\\/\",\"name\":\"Zawapak.pl\",\"description\":\"producent \u015bwieczek\",\"publisher\":{\"@id\":\"https:\\\/\\\/zawapak.pl\\\/#organization\"},\"potentialAction\":[{\"@type\":\"SearchAction\",\"target\":{\"@type\":\"EntryPoint\",\"urlTemplate\":\"https:\\\/\\\/zawapak.pl\\\/?s={search_term_string}\"},\"query-input\":{\"@type\":\"PropertyValueSpecification\",\"valueRequired\":true,\"valueName\":\"search_term_string\"}}],\"inLanguage\":\"pl-PL\"},{\"@type\":\"Organization\",\"@id\":\"https:\\\/\\\/zawapak.pl\\\/#organization\",\"name\":\"F.PHU ZAWA-PAK \u0141ukasz Zawalski\",\"url\":\"https:\\\/\\\/zawapak.pl\\\/\",\"logo\":{\"@type\":\"ImageObject\",\"inLanguage\":\"pl-PL\",\"@id\":\"https:\\\/\\\/zawapak.pl\\\/#\\\/schema\\\/logo\\\/image\\\/\",\"url\":\"https:\\\/\\\/zawapak.pl\\\/wp-content\\\/uploads\\\/2024\\\/08\\\/zawapak-logo.png\",\"contentUrl\":\"https:\\\/\\\/zawapak.pl\\\/wp-content\\\/uploads\\\/2024\\\/08\\\/zawapak-logo.png\",\"width\":200,\"height\":147,\"caption\":\"F.PHU ZAWA-PAK \u0141ukasz Zawalski\"},\"image\":{\"@id\":\"https:\\\/\\\/zawapak.pl\\\/#\\\/schema\\\/logo\\\/image\\\/\"},\"sameAs\":[\"https:\\\/\\\/www.facebook.com\\\/zawapak\",\"https:\\\/\\\/www.linkedin.com\\\/company\\\/zawapak\\\/about\\\/\"]}]}<\/script>\n<!-- \/ Yoast SEO plugin. -->","yoast_head_json":{"title":"Nowo\u015bci - Zawapak.pl","robots":{"index":"index","follow":"follow","max-snippet":"max-snippet:-1","max-image-preview":"max-image-preview:large","max-video-preview":"max-video-preview:-1"},"canonical":"https:\/\/zawapak.pl\/?page_id=339","og_locale":"pl_PL","og_type":"article","og_title":"Nowo\u015bci - Zawapak.pl","og_description":"Czarna&nbsp; \u015awieca \u2013 Elegancja, G\u0142\u0119boka Symbolika i Wyrafinowany Styl Czarna \u015bwieca to co\u015b wi\u0119cej ni\u017c element dekoracyjny \u2013 to subtelne po\u0142\u0105czenie elegancji, tajemnicy i g\u0142\u0119bokiego znaczenia. Historia czarnego koloru si\u0119ga setek lat wstecz, kiedy by\u0142 uto\u017csamiany z si\u0142\u0105, moc\u0105 i tajemniczo\u015bci\u0105. W wielu kulturach czarny symbolizowa\u0142 powag\u0119, ochron\u0119 i bezpiecze\u0144stwo. W \u015bredniowieczu czarny kojarzono z &hellip; Continue reading \"Nowo\u015bci\"","og_url":"https:\/\/zawapak.pl\/?page_id=339","og_site_name":"Zawapak.pl","article_publisher":"https:\/\/www.facebook.com\/zawapak","article_modified_time":"2024-11-05T21:27:26+00:00","twitter_card":"summary_large_image","twitter_misc":{"Szacowany czas czytania":"1 minuta"},"schema":{"@context":"https:\/\/schema.org","@graph":[{"@type":"WebPage","@id":"https:\/\/zawapak.pl\/?page_id=339","url":"https:\/\/zawapak.pl\/?page_id=339","name":"Nowo\u015bci - Zawapak.pl","isPartOf":{"@id":"https:\/\/zawapak.pl\/#website"},"datePublished":"2022-06-12T10:17:08+00:00","dateModified":"2024-11-05T21:27:26+00:00","breadcrumb":{"@id":"https:\/\/zawapak.pl\/?page_id=339#breadcrumb"},"inLanguage":"pl-PL","potentialAction":[{"@type":"ReadAction","target":["https:\/\/zawapak.pl\/?page_id=339"]}]},{"@type":"BreadcrumbList","@id":"https:\/\/zawapak.pl\/?page_id=339#breadcrumb","itemListElement":[{"@type":"ListItem","position":1,"name":"Strona g\u0142\u00f3wna","item":"https:\/\/zawapak.pl\/"},{"@type":"ListItem","position":2,"name":"Nowo\u015bci"}]},{"@type":"WebSite","@id":"https:\/\/zawapak.pl\/#website","url":"https:\/\/zawapak.pl\/","name":"Zawapak.pl","description":"producent \u015bwieczek","publisher":{"@id":"https:\/\/zawapak.pl\/#organization"},"potentialAction":[{"@type":"SearchAction","target":{"@type":"EntryPoint","urlTemplate":"https:\/\/zawapak.pl\/?s={search_term_string}"},"query-input":{"@type":"PropertyValueSpecification","valueRequired":true,"valueName":"search_term_string"}}],"inLanguage":"pl-PL"},{"@type":"Organization","@id":"https:\/\/zawapak.pl\/#organization","name":"F.PHU ZAWA-PAK \u0141ukasz Zawalski","url":"https:\/\/zawapak.pl\/","logo":{"@type":"ImageObject","inLanguage":"pl-PL","@id":"https:\/\/zawapak.pl\/#\/schema\/logo\/image\/","url":"https:\/\/zawapak.pl\/wp-content\/uploads\/2024\/08\/zawapak-logo.png","contentUrl":"https:\/\/zawapak.pl\/wp-content\/uploads\/2024\/08\/zawapak-logo.png","width":200,"height":147,"caption":"F.PHU ZAWA-PAK \u0141ukasz Zawalski"},"image":{"@id":"https:\/\/zawapak.pl\/#\/schema\/logo\/image\/"},"sameAs":["https:\/\/www.facebook.com\/zawapak","https:\/\/www.linkedin.com\/company\/zawapak\/about\/"]}]}},"_links":{"self":[{"href":"https:\/\/zawapak.pl\/index.php?rest_route=\/wp\/v2\/pages\/339","targetHints":{"allow":["GET"]}}],"collection":[{"href":"https:\/\/zawapak.pl\/index.php?rest_route=\/wp\/v2\/pages"}],"about":[{"href":"https:\/\/zawapak.pl\/index.php?rest_route=\/wp\/v2\/types\/page"}],"author":[{"embeddable":true,"href":"https:\/\/zawapak.pl\/index.php?rest_route=\/wp\/v2\/users\/1"}],"replies":[{"embeddable":true,"href":"https:\/\/zawapak.pl\/index.php?rest_route=%2Fwp%2Fv2%2Fcomments&post=339"}],"version-history":[{"count":13,"href":"https:\/\/zawapak.pl\/index.php?rest_route=\/wp\/v2\/pages\/339\/revisions"}],"predecessor-version":[{"id":1582,"href":"https:\/\/zawapak.pl\/index.php?rest_route=\/wp\/v2\/pages\/339\/revisions\/1582"}],"wp:attachment":[{"href":"https:\/\/zawapak.pl\/index.php?rest_route=%2Fwp%2Fv2%2Fmedia&parent=339"}],"curies":[{"name":"wp","href":"https:\/\/api.w.org\/{rel}","templated":true}]}}