{"id":116,"date":"2022-06-12T11:54:15","date_gmt":"2022-06-12T09:54:15","guid":{"rendered":"http:\/\/zawapak.pl\/?page_id=116"},"modified":"2024-09-13T21:41:39","modified_gmt":"2024-09-13T19:41:39","slug":"boze-narodzenie","status":"publish","type":"page","link":"https:\/\/zawapak.pl\/?page_id=116","title":{"rendered":"Bo\u017ce Narodzenie"},"content":{"rendered":"\n    \n    <section class=\"u-align-center u-clearfix u-container-align-center u-section-2\" id=\"sec-7efe\">\n      <div class=\"u-clearfix u-sheet u-sheet-1\">\n        <h2 class=\"u-text u-text-default u-text-palette-2-base u-text-1\">Bo\u017ce Narodzenie<\/h2>\n        <div class=\"u-expanded-width u-gallery u-layout-grid u-lightbox u-show-text-on-hover u-gallery-1\">\n          <div class=\"u-gallery-inner u-gallery-inner-1\">\n            <div class=\"u-effect-fade u-gallery-item\">\n              <div class=\"u-back-slide\" data-image-width=\"1282\" data-image-height=\"1282\">\n                <img decoding=\"async\" class=\"u-back-image u-expanded u-image-contain\" src=\"https:\/\/zawapak.pl\/wp-content\/uploads\/2022\/06\/l2-zimowa-noc-1282x1282-1.jpg\">\n              <\/div>\n              <div class=\"u-over-slide u-shading u-over-slide-1\">\n                <p class=\"u-gallery-text\">Zimowa Noc<\/p>\n              <\/div>\n            <\/div>\n            <div class=\"u-effect-fade u-gallery-item\">\n              <div class=\"u-back-slide\" data-image-width=\"1282\" data-image-height=\"1282\">\n                <img decoding=\"async\" class=\"u-back-image u-expanded u-image-contain\" src=\"https:\/\/zawapak.pl\/wp-content\/uploads\/2022\/06\/l11-choinka-1282x1282-1.jpg\">\n              <\/div>\n              <div class=\"u-over-slide u-shading u-over-slide-2\">\n                <p class=\"u-gallery-text\">Choinka<\/p>\n              <\/div>\n            <\/div>\n            <div class=\"u-effect-fade u-gallery-item\">\n              <div class=\"u-back-slide\" data-image-width=\"1282\" data-image-height=\"1282\">\n                <img decoding=\"async\" class=\"u-back-image u-expanded\" src=\"https:\/\/zawapak.pl\/wp-content\/uploads\/2022\/06\/l13-r-gwiazdka-1282x1282-1.jpg\">\n              <\/div>\n              <div class=\"u-over-slide u-shading u-over-slide-3\">\n                <p class=\"u-gallery-text\">Rustykalna Gwiazdka<\/p>\n              <\/div>\n            <\/div>\n            <div class=\"u-effect-fade u-gallery-item\">\n              <div class=\"u-back-slide\" data-image-width=\"1282\" data-image-height=\"1282\">\n                <img decoding=\"async\" class=\"u-back-image u-expanded\" src=\"https:\/\/zawapak.pl\/wp-content\/uploads\/2022\/06\/l47-renifery-1282x1282-1.jpg\">\n              <\/div>\n              <div class=\"u-over-slide u-shading u-over-slide-4\">\n                <p class=\"u-gallery-text\">Renifery<\/p>\n              <\/div>\n            <\/div>\n            <div class=\"u-effect-fade u-gallery-item\">\n              <div class=\"u-back-slide\" data-image-width=\"1282\" data-image-height=\"1282\">\n                <img decoding=\"async\" class=\"u-back-image u-expanded\" src=\"https:\/\/zawapak.pl\/wp-content\/uploads\/2022\/06\/b17-nordic-1282x1282-1.jpg\">\n              <\/div>\n              <div class=\"u-over-slide u-shading u-over-slide-5\">\n                <p class=\"u-gallery-text\">Nordic<\/p>\n              <\/div>\n            <\/div>\n            <div class=\"u-effect-fade u-gallery-item\">\n              <div class=\"u-back-slide\" data-image-width=\"1282\" data-image-height=\"1282\">\n                <img decoding=\"async\" class=\"u-back-image u-expanded u-image-contain\" src=\"https:\/\/zawapak.pl\/wp-content\/uploads\/2022\/06\/b47-nowy-1282x1282-1.jpg\">\n              <\/div>\n              <div class=\"u-over-slide u-shading u-over-slide-6\">\n                <p class=\"u-gallery-text\">lampion folia<\/p>\n              <\/div>\n            <\/div>\n            <div class=\"u-effect-fade u-gallery-item\">\n              <div class=\"u-back-slide\" data-image-width=\"1282\" data-image-height=\"1282\">\n                <img decoding=\"async\" class=\"u-back-image u-expanded u-image-contain\" src=\"https:\/\/zawapak.pl\/wp-content\/uploads\/2022\/06\/l19-n-folk-1282x1282-1.jpg\">\n              <\/div>\n              <div class=\"u-over-slide u-shading u-over-slide-7\">\n                <p class=\"u-gallery-text\">\u015anie\u017cynka Folk<\/p>\n              <\/div>\n            <\/div>\n            <div class=\"u-effect-fade u-gallery-item\">\n              <div class=\"u-back-slide\" data-image-width=\"1282\" data-image-height=\"1282\">\n                <img decoding=\"async\" class=\"u-back-image u-expanded\" src=\"https:\/\/zawapak.pl\/wp-content\/uploads\/2022\/06\/l11-nieynka-1282x1282-1.jpg\">\n              <\/div>\n              <div class=\"u-over-slide u-shading u-over-slide-8\">\n                <p class=\"u-gallery-text\">\u015anie\u017cynka<\/p>\n              <\/div>\n            <\/div>\n            <div class=\"u-effect-fade u-gallery-item\">\n              <div class=\"u-back-slide\" data-image-width=\"1282\" data-image-height=\"1282\">\n                <img decoding=\"async\" class=\"u-back-image u-expanded u-image-contain\" src=\"https:\/\/zawapak.pl\/wp-content\/uploads\/2022\/06\/l1-gwiazda-1282x1282-1.jpg\">\n              <\/div>\n              <div class=\"u-over-slide u-shading u-over-slide-9\">\n                <p class=\"u-gallery-text\">Gwiazdka<\/p>\n              <\/div>\n            <\/div>\n          <\/div>\n        <\/div>\n      <\/div>\n    <\/section>\n    <section class=\"u-align-center u-clearfix u-container-align-center u-section-3\" id=\"sec-245b\">\n      <div class=\"u-clearfix u-sheet u-sheet-1\">\n        <h2 class=\"u-text u-text-default u-text-palette-2-base u-text-1\">Katalog Bo\u017ce Narodzenie<\/h2>\n        <div class=\"u-expanded-width u-gallery u-layout-grid u-lightbox u-show-text-on-hover u-gallery-1\">\n          <div class=\"u-gallery-inner u-gallery-inner-1\">\n            <div class=\"u-effect-fade u-file-link u-gallery-item\" data-href=\"https:\/\/zawapak.pl\/wp-content\/uploads\/2024\/09\/bozenarodzenie2024.pdf\" title=\"bozenarodzenie2024-pdf\" data-target=\"_blank\">\n              <div class=\"u-back-slide\" data-image-width=\"599\" data-image-height=\"849\">\n                <img decoding=\"async\" class=\"u-back-image u-expanded u-image-contain\" src=\"https:\/\/zawapak.pl\/wp-content\/uploads\/2022\/06\/okadka-bn-dekoracyjne-strona-1.jpg\">\n              <\/div>\n              <div class=\"u-over-slide u-shading u-over-slide-1\"><\/div>\n            <\/div>\n          <\/div>\n        <\/div>\n      <\/div>\n    <\/section>\n    \n    \n    \n  \n","protected":false},"excerpt":{"rendered":"<p>Bo\u017ce Narodzenie Zimowa Noc Choinka Rustykalna Gwiazdka Renifery Nordic lampion folia \u015anie\u017cynka Folk \u015anie\u017cynka Gwiazdka Katalog Bo\u017ce Narodzenie<\/p>\n","protected":false},"author":1,"featured_media":0,"parent":0,"menu_order":0,"comment_status":"closed","ping_status":"closed","template":"","meta":{"footnotes":""},"class_list":["post-116","page","type-page","status-publish","hentry"],"yoast_head":"<!-- This site is optimized with the Yoast SEO plugin v27.4 - https:\/\/yoast.com\/product\/yoast-seo-wordpress\/ -->\n<title>Bo\u017ce Narodzenie - Zawapak.pl<\/title>\n<meta name=\"robots\" content=\"index, follow, max-snippet:-1, max-image-preview:large, max-video-preview:-1\" \/>\n<link rel=\"canonical\" href=\"https:\/\/zawapak.pl\/?page_id=116\" \/>\n<meta property=\"og:locale\" content=\"pl_PL\" \/>\n<meta property=\"og:type\" content=\"article\" \/>\n<meta property=\"og:title\" content=\"Bo\u017ce Narodzenie - Zawapak.pl\" \/>\n<meta property=\"og:description\" content=\"Bo\u017ce Narodzenie Zimowa Noc Choinka Rustykalna Gwiazdka Renifery Nordic lampion folia \u015anie\u017cynka Folk \u015anie\u017cynka Gwiazdka Katalog Bo\u017ce Narodzenie\" \/>\n<meta property=\"og:url\" content=\"https:\/\/zawapak.pl\/?page_id=116\" \/>\n<meta property=\"og:site_name\" content=\"Zawapak.pl\" \/>\n<meta property=\"article:publisher\" content=\"https:\/\/www.facebook.com\/zawapak\" \/>\n<meta property=\"article:modified_time\" content=\"2024-09-13T19:41:39+00:00\" \/>\n<meta name=\"twitter:card\" content=\"summary_large_image\" \/>\n<script type=\"application\/ld+json\" class=\"yoast-schema-graph\">{\"@context\":\"https:\\\/\\\/schema.org\",\"@graph\":[{\"@type\":\"WebPage\",\"@id\":\"https:\\\/\\\/zawapak.pl\\\/?page_id=116\",\"url\":\"https:\\\/\\\/zawapak.pl\\\/?page_id=116\",\"name\":\"Bo\u017ce Narodzenie - Zawapak.pl\",\"isPartOf\":{\"@id\":\"https:\\\/\\\/zawapak.pl\\\/#website\"},\"datePublished\":\"2022-06-12T09:54:15+00:00\",\"dateModified\":\"2024-09-13T19:41:39+00:00\",\"breadcrumb\":{\"@id\":\"https:\\\/\\\/zawapak.pl\\\/?page_id=116#breadcrumb\"},\"inLanguage\":\"pl-PL\",\"potentialAction\":[{\"@type\":\"ReadAction\",\"target\":[\"https:\\\/\\\/zawapak.pl\\\/?page_id=116\"]}]},{\"@type\":\"BreadcrumbList\",\"@id\":\"https:\\\/\\\/zawapak.pl\\\/?page_id=116#breadcrumb\",\"itemListElement\":[{\"@type\":\"ListItem\",\"position\":1,\"name\":\"Strona g\u0142\u00f3wna\",\"item\":\"https:\\\/\\\/zawapak.pl\\\/\"},{\"@type\":\"ListItem\",\"position\":2,\"name\":\"Bo\u017ce Narodzenie\"}]},{\"@type\":\"WebSite\",\"@id\":\"https:\\\/\\\/zawapak.pl\\\/#website\",\"url\":\"https:\\\/\\\/zawapak.pl\\\/\",\"name\":\"Zawapak.pl\",\"description\":\"producent \u015bwieczek\",\"publisher\":{\"@id\":\"https:\\\/\\\/zawapak.pl\\\/#organization\"},\"potentialAction\":[{\"@type\":\"SearchAction\",\"target\":{\"@type\":\"EntryPoint\",\"urlTemplate\":\"https:\\\/\\\/zawapak.pl\\\/?s={search_term_string}\"},\"query-input\":{\"@type\":\"PropertyValueSpecification\",\"valueRequired\":true,\"valueName\":\"search_term_string\"}}],\"inLanguage\":\"pl-PL\"},{\"@type\":\"Organization\",\"@id\":\"https:\\\/\\\/zawapak.pl\\\/#organization\",\"name\":\"F.PHU ZAWA-PAK \u0141ukasz Zawalski\",\"url\":\"https:\\\/\\\/zawapak.pl\\\/\",\"logo\":{\"@type\":\"ImageObject\",\"inLanguage\":\"pl-PL\",\"@id\":\"https:\\\/\\\/zawapak.pl\\\/#\\\/schema\\\/logo\\\/image\\\/\",\"url\":\"https:\\\/\\\/zawapak.pl\\\/wp-content\\\/uploads\\\/2024\\\/08\\\/zawapak-logo.png\",\"contentUrl\":\"https:\\\/\\\/zawapak.pl\\\/wp-content\\\/uploads\\\/2024\\\/08\\\/zawapak-logo.png\",\"width\":200,\"height\":147,\"caption\":\"F.PHU ZAWA-PAK \u0141ukasz Zawalski\"},\"image\":{\"@id\":\"https:\\\/\\\/zawapak.pl\\\/#\\\/schema\\\/logo\\\/image\\\/\"},\"sameAs\":[\"https:\\\/\\\/www.facebook.com\\\/zawapak\",\"https:\\\/\\\/www.linkedin.com\\\/company\\\/zawapak\\\/about\\\/\"]}]}<\/script>\n<!-- \/ Yoast SEO plugin. -->","yoast_head_json":{"title":"Bo\u017ce Narodzenie - Zawapak.pl","robots":{"index":"index","follow":"follow","max-snippet":"max-snippet:-1","max-image-preview":"max-image-preview:large","max-video-preview":"max-video-preview:-1"},"canonical":"https:\/\/zawapak.pl\/?page_id=116","og_locale":"pl_PL","og_type":"article","og_title":"Bo\u017ce Narodzenie - Zawapak.pl","og_description":"Bo\u017ce Narodzenie Zimowa Noc Choinka Rustykalna Gwiazdka Renifery Nordic lampion folia \u015anie\u017cynka Folk \u015anie\u017cynka Gwiazdka Katalog Bo\u017ce Narodzenie","og_url":"https:\/\/zawapak.pl\/?page_id=116","og_site_name":"Zawapak.pl","article_publisher":"https:\/\/www.facebook.com\/zawapak","article_modified_time":"2024-09-13T19:41:39+00:00","twitter_card":"summary_large_image","schema":{"@context":"https:\/\/schema.org","@graph":[{"@type":"WebPage","@id":"https:\/\/zawapak.pl\/?page_id=116","url":"https:\/\/zawapak.pl\/?page_id=116","name":"Bo\u017ce Narodzenie - Zawapak.pl","isPartOf":{"@id":"https:\/\/zawapak.pl\/#website"},"datePublished":"2022-06-12T09:54:15+00:00","dateModified":"2024-09-13T19:41:39+00:00","breadcrumb":{"@id":"https:\/\/zawapak.pl\/?page_id=116#breadcrumb"},"inLanguage":"pl-PL","potentialAction":[{"@type":"ReadAction","target":["https:\/\/zawapak.pl\/?page_id=116"]}]},{"@type":"BreadcrumbList","@id":"https:\/\/zawapak.pl\/?page_id=116#breadcrumb","itemListElement":[{"@type":"ListItem","position":1,"name":"Strona g\u0142\u00f3wna","item":"https:\/\/zawapak.pl\/"},{"@type":"ListItem","position":2,"name":"Bo\u017ce Narodzenie"}]},{"@type":"WebSite","@id":"https:\/\/zawapak.pl\/#website","url":"https:\/\/zawapak.pl\/","name":"Zawapak.pl","description":"producent \u015bwieczek","publisher":{"@id":"https:\/\/zawapak.pl\/#organization"},"potentialAction":[{"@type":"SearchAction","target":{"@type":"EntryPoint","urlTemplate":"https:\/\/zawapak.pl\/?s={search_term_string}"},"query-input":{"@type":"PropertyValueSpecification","valueRequired":true,"valueName":"search_term_string"}}],"inLanguage":"pl-PL"},{"@type":"Organization","@id":"https:\/\/zawapak.pl\/#organization","name":"F.PHU ZAWA-PAK \u0141ukasz Zawalski","url":"https:\/\/zawapak.pl\/","logo":{"@type":"ImageObject","inLanguage":"pl-PL","@id":"https:\/\/zawapak.pl\/#\/schema\/logo\/image\/","url":"https:\/\/zawapak.pl\/wp-content\/uploads\/2024\/08\/zawapak-logo.png","contentUrl":"https:\/\/zawapak.pl\/wp-content\/uploads\/2024\/08\/zawapak-logo.png","width":200,"height":147,"caption":"F.PHU ZAWA-PAK \u0141ukasz Zawalski"},"image":{"@id":"https:\/\/zawapak.pl\/#\/schema\/logo\/image\/"},"sameAs":["https:\/\/www.facebook.com\/zawapak","https:\/\/www.linkedin.com\/company\/zawapak\/about\/"]}]}},"_links":{"self":[{"href":"https:\/\/zawapak.pl\/index.php?rest_route=\/wp\/v2\/pages\/116","targetHints":{"allow":["GET"]}}],"collection":[{"href":"https:\/\/zawapak.pl\/index.php?rest_route=\/wp\/v2\/pages"}],"about":[{"href":"https:\/\/zawapak.pl\/index.php?rest_route=\/wp\/v2\/types\/page"}],"author":[{"embeddable":true,"href":"https:\/\/zawapak.pl\/index.php?rest_route=\/wp\/v2\/users\/1"}],"replies":[{"embeddable":true,"href":"https:\/\/zawapak.pl\/index.php?rest_route=%2Fwp%2Fv2%2Fcomments&post=116"}],"version-history":[{"count":4,"href":"https:\/\/zawapak.pl\/index.php?rest_route=\/wp\/v2\/pages\/116\/revisions"}],"predecessor-version":[{"id":1406,"href":"https:\/\/zawapak.pl\/index.php?rest_route=\/wp\/v2\/pages\/116\/revisions\/1406"}],"wp:attachment":[{"href":"https:\/\/zawapak.pl\/index.php?rest_route=%2Fwp%2Fv2%2Fmedia&parent=116"}],"curies":[{"name":"wp","href":"https:\/\/api.w.org\/{rel}","templated":true}]}}