{"id":1040,"date":"2023-03-09T12:18:44","date_gmt":"2023-03-09T11:18:44","guid":{"rendered":"https:\/\/zawapak.pl\/?page_id=1040"},"modified":"2023-03-09T13:27:37","modified_gmt":"2023-03-09T12:27:37","slug":"kontakt","status":"publish","type":"page","link":"https:\/\/zawapak.pl\/?page_id=1040","title":{"rendered":"kontakt"},"content":{"rendered":"\n    \n    <section class=\"u-clearfix u-section-2\" id=\"sec-205d\">\n      <div class=\"u-clearfix u-sheet u-valign-middle u-sheet-1\">\n        <div class=\"u-shortcode u-shortcode-1\"><div class=\"wpforms-container wpforms-container-full\" id=\"wpforms-1080\"><form id=\"wpforms-form-1080\" class=\"wpforms-validate wpforms-form wpforms-ajax-form\" data-formid=\"1080\" method=\"post\" enctype=\"multipart\/form-data\" action=\"\/index.php?rest_route=%2Fwp%2Fv2%2Fpages%2F1040\" data-token=\"c75b2085d64334cf5e4fdced57fc1f91\" data-token-time=\"1778595022\"><noscript class=\"wpforms-error-noscript\">Aby wype\u0142ni\u0107 ten formularz, w\u0142\u0105cz obs\u0142ug\u0119 JavaScript w przegl\u0105darce.<\/noscript><div class=\"wpforms-field-container\"><div id=\"wpforms-1080-field_0-container\" class=\"wpforms-field wpforms-field-name\" data-field-id=\"0\"><label class=\"wpforms-field-label\" for=\"wpforms-1080-field_0\">Imi\u0119 i Nazwisko lub nazwa Firmy <span class=\"wpforms-required-label\">*<\/span><\/label><input type=\"text\" id=\"wpforms-1080-field_0\" class=\"wpforms-field-large wpforms-field-required\" name=\"wpforms[fields][0]\" placeholder=\"Imi\u0119 i nazwisko lub nazwa Firmy\" required><\/div><div id=\"wpforms-1080-field_1-container\" class=\"wpforms-field wpforms-field-email\" data-field-id=\"1\"><label class=\"wpforms-field-label\" for=\"wpforms-1080-field_1\">Email <span class=\"wpforms-required-label\">*<\/span><\/label><input type=\"email\" id=\"wpforms-1080-field_1\" class=\"wpforms-field-large wpforms-field-required\" name=\"wpforms[fields][1]\" placeholder=\"Tw\u00f3j e-mail\" spellcheck=\"false\" required><\/div><div id=\"wpforms-1080-field_9-container\" class=\"wpforms-field wpforms-field-text\" data-field-id=\"9\"><label class=\"wpforms-field-label\" for=\"wpforms-1080-field_9\">Numer telefonu <span class=\"wpforms-required-label\">*<\/span><\/label><input type=\"text\" id=\"wpforms-1080-field_9\" class=\"wpforms-field-large wpforms-field-required wpforms-masked-input\" data-rule-inputmask-incomplete=\"1\" data-inputmask-mask=\"999 999 999\" name=\"wpforms[fields][9]\" placeholder=\"Numer telefonu w formacie 123 456 789\" required><\/div><div id=\"wpforms-1080-field_2-container\" class=\"wpforms-field wpforms-field-textarea\" data-field-id=\"2\"><label class=\"wpforms-field-label\" for=\"wpforms-1080-field_2\">Tre\u015b\u0107 wiadomo\u015bci<\/label><textarea id=\"wpforms-1080-field_2\" class=\"wpforms-field-medium\" name=\"wpforms[fields][2]\" ><\/textarea><\/div><div id=\"wpforms-1080-field_4-container\" class=\"wpforms-field wpforms-field-gdpr-checkbox\" data-field-id=\"4\"><label class=\"wpforms-field-label\">RODO <span class=\"wpforms-required-label\">*<\/span><\/label><ul id=\"wpforms-1080-field_4\" class=\"wpforms-field-required\"><li class=\"choice-1\"><input type=\"checkbox\" id=\"wpforms-1080-field_4_1\" name=\"wpforms[fields][4][]\" value=\"Zgadzam si\u0119, aby moje dane osobowe zosta\u0142y wykorzystane w celu odpowiedzi na wiadomo\u015b\u0107 z formularza.\" required ><label class=\"wpforms-field-label-inline\" for=\"wpforms-1080-field_4_1\">Zgadzam si\u0119, aby moje dane osobowe zosta\u0142y wykorzystane w celu odpowiedzi na wiadomo\u015b\u0107 z formularza.<\/label><\/li><\/ul><\/div><\/div><!-- .wpforms-field-container --><div class=\"wpforms-submit-container\" ><input type=\"hidden\" name=\"wpforms[id]\" value=\"1080\"><input type=\"hidden\" name=\"page_title\" value=\"\"><input type=\"hidden\" name=\"page_url\" value=\"https:\/\/zawapak.pl\/index.php?rest_route=\/wp\/v2\/pages\/1040\"><input type=\"hidden\" name=\"url_referer\" value=\"\"><button type=\"submit\" name=\"wpforms[submit]\" id=\"wpforms-submit-1080\" class=\"wpforms-submit\" data-alt-text=\"Wysy\u0142anie...\" data-submit-text=\"Wy\u015blij\" aria-live=\"assertive\" value=\"wpforms-submit\">Wy\u015blij<\/button><img loading=\"lazy\" decoding=\"async\" src=\"https:\/\/zawapak.pl\/wp-content\/plugins\/wpforms-lite\/assets\/images\/submit-spin.svg\" class=\"wpforms-submit-spinner\" style=\"display: none;\" width=\"26\" height=\"26\" alt=\"Wczytywanie\"><\/div><\/form><\/div>  <!-- .wpforms-container --><\/div>\n      <\/div>\n    <\/section>\n    \n    \n  \n","protected":false},"excerpt":{"rendered":"","protected":false},"author":4,"featured_media":0,"parent":0,"menu_order":0,"comment_status":"closed","ping_status":"closed","template":"","meta":{"footnotes":""},"class_list":["post-1040","page","type-page","status-publish","hentry"],"yoast_head":"<!-- This site is optimized with the Yoast SEO plugin v27.6 - https:\/\/yoast.com\/product\/yoast-seo-wordpress\/ -->\n<title>kontakt - Zawapak.pl<\/title>\n<meta name=\"robots\" content=\"index, follow, max-snippet:-1, max-image-preview:large, max-video-preview:-1\" \/>\n<link rel=\"canonical\" href=\"https:\/\/zawapak.pl\/?page_id=1040\" \/>\n<meta property=\"og:locale\" content=\"pl_PL\" \/>\n<meta property=\"og:type\" content=\"article\" \/>\n<meta property=\"og:title\" content=\"kontakt - Zawapak.pl\" \/>\n<meta property=\"og:url\" content=\"https:\/\/zawapak.pl\/?page_id=1040\" \/>\n<meta property=\"og:site_name\" content=\"Zawapak.pl\" \/>\n<meta property=\"article:publisher\" content=\"https:\/\/www.facebook.com\/zawapak\" \/>\n<meta property=\"article:modified_time\" content=\"2023-03-09T12:27:37+00:00\" \/>\n<meta name=\"twitter:card\" content=\"summary_large_image\" \/>\n<script type=\"application\/ld+json\" class=\"yoast-schema-graph\">{\"@context\":\"https:\\\/\\\/schema.org\",\"@graph\":[{\"@type\":\"WebPage\",\"@id\":\"https:\\\/\\\/zawapak.pl\\\/?page_id=1040\",\"url\":\"https:\\\/\\\/zawapak.pl\\\/?page_id=1040\",\"name\":\"kontakt - Zawapak.pl\",\"isPartOf\":{\"@id\":\"https:\\\/\\\/zawapak.pl\\\/#website\"},\"datePublished\":\"2023-03-09T11:18:44+00:00\",\"dateModified\":\"2023-03-09T12:27:37+00:00\",\"breadcrumb\":{\"@id\":\"https:\\\/\\\/zawapak.pl\\\/?page_id=1040#breadcrumb\"},\"inLanguage\":\"pl-PL\",\"potentialAction\":[{\"@type\":\"ReadAction\",\"target\":[\"https:\\\/\\\/zawapak.pl\\\/?page_id=1040\"]}]},{\"@type\":\"BreadcrumbList\",\"@id\":\"https:\\\/\\\/zawapak.pl\\\/?page_id=1040#breadcrumb\",\"itemListElement\":[{\"@type\":\"ListItem\",\"position\":1,\"name\":\"Strona g\u0142\u00f3wna\",\"item\":\"https:\\\/\\\/zawapak.pl\\\/\"},{\"@type\":\"ListItem\",\"position\":2,\"name\":\"kontakt\"}]},{\"@type\":\"WebSite\",\"@id\":\"https:\\\/\\\/zawapak.pl\\\/#website\",\"url\":\"https:\\\/\\\/zawapak.pl\\\/\",\"name\":\"Zawapak.pl\",\"description\":\"producent \u015bwieczek\",\"publisher\":{\"@id\":\"https:\\\/\\\/zawapak.pl\\\/#organization\"},\"potentialAction\":[{\"@type\":\"SearchAction\",\"target\":{\"@type\":\"EntryPoint\",\"urlTemplate\":\"https:\\\/\\\/zawapak.pl\\\/?s={search_term_string}\"},\"query-input\":{\"@type\":\"PropertyValueSpecification\",\"valueRequired\":true,\"valueName\":\"search_term_string\"}}],\"inLanguage\":\"pl-PL\"},{\"@type\":\"Organization\",\"@id\":\"https:\\\/\\\/zawapak.pl\\\/#organization\",\"name\":\"F.PHU ZAWA-PAK \u0141ukasz Zawalski\",\"url\":\"https:\\\/\\\/zawapak.pl\\\/\",\"logo\":{\"@type\":\"ImageObject\",\"inLanguage\":\"pl-PL\",\"@id\":\"https:\\\/\\\/zawapak.pl\\\/#\\\/schema\\\/logo\\\/image\\\/\",\"url\":\"https:\\\/\\\/zawapak.pl\\\/wp-content\\\/uploads\\\/2024\\\/08\\\/zawapak-logo.png\",\"contentUrl\":\"https:\\\/\\\/zawapak.pl\\\/wp-content\\\/uploads\\\/2024\\\/08\\\/zawapak-logo.png\",\"width\":200,\"height\":147,\"caption\":\"F.PHU ZAWA-PAK \u0141ukasz Zawalski\"},\"image\":{\"@id\":\"https:\\\/\\\/zawapak.pl\\\/#\\\/schema\\\/logo\\\/image\\\/\"},\"sameAs\":[\"https:\\\/\\\/www.facebook.com\\\/zawapak\",\"https:\\\/\\\/www.linkedin.com\\\/company\\\/zawapak\\\/about\\\/\"]}]}<\/script>\n<!-- \/ Yoast SEO plugin. -->","yoast_head_json":{"title":"kontakt - Zawapak.pl","robots":{"index":"index","follow":"follow","max-snippet":"max-snippet:-1","max-image-preview":"max-image-preview:large","max-video-preview":"max-video-preview:-1"},"canonical":"https:\/\/zawapak.pl\/?page_id=1040","og_locale":"pl_PL","og_type":"article","og_title":"kontakt - Zawapak.pl","og_url":"https:\/\/zawapak.pl\/?page_id=1040","og_site_name":"Zawapak.pl","article_publisher":"https:\/\/www.facebook.com\/zawapak","article_modified_time":"2023-03-09T12:27:37+00:00","twitter_card":"summary_large_image","schema":{"@context":"https:\/\/schema.org","@graph":[{"@type":"WebPage","@id":"https:\/\/zawapak.pl\/?page_id=1040","url":"https:\/\/zawapak.pl\/?page_id=1040","name":"kontakt - Zawapak.pl","isPartOf":{"@id":"https:\/\/zawapak.pl\/#website"},"datePublished":"2023-03-09T11:18:44+00:00","dateModified":"2023-03-09T12:27:37+00:00","breadcrumb":{"@id":"https:\/\/zawapak.pl\/?page_id=1040#breadcrumb"},"inLanguage":"pl-PL","potentialAction":[{"@type":"ReadAction","target":["https:\/\/zawapak.pl\/?page_id=1040"]}]},{"@type":"BreadcrumbList","@id":"https:\/\/zawapak.pl\/?page_id=1040#breadcrumb","itemListElement":[{"@type":"ListItem","position":1,"name":"Strona g\u0142\u00f3wna","item":"https:\/\/zawapak.pl\/"},{"@type":"ListItem","position":2,"name":"kontakt"}]},{"@type":"WebSite","@id":"https:\/\/zawapak.pl\/#website","url":"https:\/\/zawapak.pl\/","name":"Zawapak.pl","description":"producent \u015bwieczek","publisher":{"@id":"https:\/\/zawapak.pl\/#organization"},"potentialAction":[{"@type":"SearchAction","target":{"@type":"EntryPoint","urlTemplate":"https:\/\/zawapak.pl\/?s={search_term_string}"},"query-input":{"@type":"PropertyValueSpecification","valueRequired":true,"valueName":"search_term_string"}}],"inLanguage":"pl-PL"},{"@type":"Organization","@id":"https:\/\/zawapak.pl\/#organization","name":"F.PHU ZAWA-PAK \u0141ukasz Zawalski","url":"https:\/\/zawapak.pl\/","logo":{"@type":"ImageObject","inLanguage":"pl-PL","@id":"https:\/\/zawapak.pl\/#\/schema\/logo\/image\/","url":"https:\/\/zawapak.pl\/wp-content\/uploads\/2024\/08\/zawapak-logo.png","contentUrl":"https:\/\/zawapak.pl\/wp-content\/uploads\/2024\/08\/zawapak-logo.png","width":200,"height":147,"caption":"F.PHU ZAWA-PAK \u0141ukasz Zawalski"},"image":{"@id":"https:\/\/zawapak.pl\/#\/schema\/logo\/image\/"},"sameAs":["https:\/\/www.facebook.com\/zawapak","https:\/\/www.linkedin.com\/company\/zawapak\/about\/"]}]}},"_links":{"self":[{"href":"https:\/\/zawapak.pl\/index.php?rest_route=\/wp\/v2\/pages\/1040","targetHints":{"allow":["GET"]}}],"collection":[{"href":"https:\/\/zawapak.pl\/index.php?rest_route=\/wp\/v2\/pages"}],"about":[{"href":"https:\/\/zawapak.pl\/index.php?rest_route=\/wp\/v2\/types\/page"}],"author":[{"embeddable":true,"href":"https:\/\/zawapak.pl\/index.php?rest_route=\/wp\/v2\/users\/4"}],"replies":[{"embeddable":true,"href":"https:\/\/zawapak.pl\/index.php?rest_route=%2Fwp%2Fv2%2Fcomments&post=1040"}],"version-history":[{"count":4,"href":"https:\/\/zawapak.pl\/index.php?rest_route=\/wp\/v2\/pages\/1040\/revisions"}],"predecessor-version":[{"id":1099,"href":"https:\/\/zawapak.pl\/index.php?rest_route=\/wp\/v2\/pages\/1040\/revisions\/1099"}],"wp:attachment":[{"href":"https:\/\/zawapak.pl\/index.php?rest_route=%2Fwp%2Fv2%2Fmedia&parent=1040"}],"curies":[{"name":"wp","href":"https:\/\/api.w.org\/{rel}","templated":true}]}}