{"id":104,"date":"2022-06-12T11:44:56","date_gmt":"2022-06-12T09:44:56","guid":{"rendered":"http:\/\/zawapak.pl\/?page_id=104"},"modified":"2024-09-13T21:38:35","modified_gmt":"2024-09-13T19:38:35","slug":"walentynki","status":"publish","type":"page","link":"https:\/\/zawapak.pl\/?page_id=104","title":{"rendered":"Walentynki"},"content":{"rendered":"\n    \n    <section class=\"u-align-center u-clearfix u-container-align-center u-section-2\" id=\"sec-31ab\">\n      <div class=\"u-clearfix u-sheet u-sheet-1\">\n        <h2 class=\"u-text u-text-default u-text-palette-2-base u-text-1\">Walentynki<\/h2>\n        <div class=\"u-expanded-width u-gallery u-layout-grid u-lightbox u-show-text-on-hover u-gallery-1\">\n          <div class=\"u-gallery-inner u-gallery-inner-1\">\n            <div class=\"u-effect-fade u-gallery-item\">\n              <div class=\"u-back-slide\" data-image-width=\"1282\" data-image-height=\"1282\">\n                <img decoding=\"async\" class=\"u-back-image u-expanded\" src=\"https:\/\/zawapak.pl\/wp-content\/uploads\/2022\/06\/serca-1.jpg\">\n              <\/div>\n              <div class=\"u-over-slide u-shading u-over-slide-1\">\n                <p class=\"u-gallery-text\">Serca<\/p>\n              <\/div>\n            <\/div>\n            <div class=\"u-effect-fade u-gallery-item\">\n              <div class=\"u-back-slide\" data-image-width=\"1282\" data-image-height=\"1282\">\n                <img decoding=\"async\" class=\"u-back-image u-expanded\" src=\"https:\/\/zawapak.pl\/wp-content\/uploads\/2022\/06\/love-1.jpg\">\n              <\/div>\n              <div class=\"u-over-slide u-shading u-over-slide-2\">\n                <p class=\"u-gallery-text\">Love<\/p>\n              <\/div>\n            <\/div>\n            <div class=\"u-effect-fade u-gallery-item\">\n              <div class=\"u-back-slide\" data-image-width=\"1282\" data-image-height=\"1282\">\n                <img decoding=\"async\" class=\"u-back-image u-expanded\" src=\"https:\/\/zawapak.pl\/wp-content\/uploads\/2022\/06\/ra-1.jpg\">\n              <\/div>\n              <div class=\"u-over-slide u-shading u-over-slide-3\">\n                <p class=\"u-gallery-text\">R\u00f3\u017ca<\/p>\n              <\/div>\n            <\/div>\n            <div class=\"u-effect-fade u-gallery-item\">\n              <div class=\"u-back-slide\" data-image-width=\"1282\" data-image-height=\"1282\">\n                <img decoding=\"async\" class=\"u-back-image u-expanded\" src=\"https:\/\/zawapak.pl\/wp-content\/uploads\/2022\/06\/serduszka.jpg\">\n              <\/div>\n              <div class=\"u-over-slide u-shading u-over-slide-4\">\n                <p class=\"u-gallery-text\">Serduszka<\/p>\n              <\/div>\n            <\/div>\n            <div class=\"u-effect-fade u-gallery-item\">\n              <div class=\"u-back-slide\" data-image-width=\"1282\" data-image-height=\"1282\">\n                <img decoding=\"async\" class=\"u-back-image u-expanded\" src=\"https:\/\/zawapak.pl\/wp-content\/uploads\/2022\/06\/serce-folk.jpg\">\n              <\/div>\n              <div class=\"u-over-slide u-shading u-over-slide-5\">\n                <p class=\"u-gallery-text\">Serce Folk<\/p>\n              <\/div>\n            <\/div>\n            <div class=\"u-effect-fade u-gallery-item\">\n              <div class=\"u-back-slide\" data-image-width=\"1282\" data-image-height=\"1282\">\n                <img decoding=\"async\" class=\"u-back-image u-expanded\" src=\"https:\/\/zawapak.pl\/wp-content\/uploads\/2022\/06\/serce-aur.jpg\">\n              <\/div>\n              <div class=\"u-over-slide u-shading u-over-slide-6\">\n                <p class=\"u-gallery-text\">Serce A\u017cur<\/p>\n              <\/div>\n            <\/div>\n          <\/div>\n        <\/div>\n      <\/div>\n    <\/section>\n    <section class=\"u-align-center u-clearfix u-container-align-center u-section-3\" id=\"sec-cfb5\">\n      <div class=\"u-clearfix u-sheet u-sheet-1\">\n        <h2 class=\"u-text u-text-default u-text-palette-2-base u-text-1\">Katalog Walentynki<\/h2>\n        <div class=\"u-carousel u-expanded-width-xs u-gallery u-layout-carousel u-lightbox u-no-transition u-show-text-none u-gallery-1\" data-interval=\"5000\" data-u-ride=\"carousel\" id=\"carousel-1dc9\">\n          <ol class=\"u-absolute-hcenter u-carousel-indicators u-carousel-indicators-1\">\n            <li data-u-target=\"#carousel-1dc9\" data-u-slide-to=\"0\" class=\"u-active u-grey-70 u-shape-circle\" style=\"width: 10px; height: 10px;\"><\/li>\n            <li data-u-target=\"#carousel-1dc9\" data-u-slide-to=\"1\" class=\"u-grey-70 u-shape-circle\" style=\"width: 10px; height: 10px;\"><\/li>\n          <\/ol>\n          <div class=\"u-carousel-inner u-gallery-inner\" role=\"listbox\">\n            <div class=\"u-active u-carousel-item u-file-link u-gallery-item u-carousel-item-1\" data-href=\"https:\/\/zawapak.pl\/wp-content\/uploads\/2023\/01\/walentynki.pdf\" title=\"walentynki-3\" data-target=\"_blank\">\n              <div class=\"u-back-slide\" data-image-width=\"644\" data-image-height=\"297\">\n                <img decoding=\"async\" class=\"u-back-image u-expanded u-image-contain\" src=\"https:\/\/zawapak.pl\/wp-content\/uploads\/2022\/06\/baner.jpg\">\n              <\/div>\n              <div class=\"u-over-slide u-over-slide-1\"><\/div>\n            <\/div>\n            <div class=\"u-carousel-item u-file-link u-gallery-item u-carousel-item-2\" data-href=\"https:\/\/zawapak.pl\/wp-content\/uploads\/2023\/01\/walentynki.pdf\" title=\"walentynki-3\" data-target=\"_blank\">\n              <div class=\"u-back-slide\" data-image-width=\"596\" data-image-height=\"842\">\n                <img decoding=\"async\" class=\"u-back-image u-expanded u-image-contain\" src=\"https:\/\/zawapak.pl\/wp-content\/uploads\/2022\/06\/okadka-walentynki-strona-2.jpg\">\n              <\/div>\n              <div class=\"u-over-slide u-over-slide-2\"><\/div>\n            <\/div>\n          <\/div>\n          <a class=\"u-absolute-vcenter u-carousel-control u-carousel-control-prev u-grey-70 u-icon-circle u-opacity u-opacity-70 u-spacing-10 u-text-white u-carousel-control-1\" href=\"#carousel-1dc9\" role=\"button\" data-u-slide=\"prev\">\n            <span aria-hidden=\"true\">\n              <svg viewBox=\"0 0 451.847 451.847\"><path d=\"M97.141,225.92c0-8.095,3.091-16.192,9.259-22.366L300.689,9.27c12.359-12.359,32.397-12.359,44.751,0\nc12.354,12.354,12.354,32.388,0,44.748L173.525,225.92l171.903,171.909c12.354,12.354,12.354,32.391,0,44.744\nc-12.354,12.365-32.386,12.365-44.745,0l-194.29-194.281C100.226,242.115,97.141,234.018,97.141,225.92z\"><\/path><\/svg>\n            <\/span>\n            <span class=\"sr-only\">\n              <svg viewBox=\"0 0 451.847 451.847\"><path d=\"M97.141,225.92c0-8.095,3.091-16.192,9.259-22.366L300.689,9.27c12.359-12.359,32.397-12.359,44.751,0\nc12.354,12.354,12.354,32.388,0,44.748L173.525,225.92l171.903,171.909c12.354,12.354,12.354,32.391,0,44.744\nc-12.354,12.365-32.386,12.365-44.745,0l-194.29-194.281C100.226,242.115,97.141,234.018,97.141,225.92z\"><\/path><\/svg>\n            <\/span>\n          <\/a>\n          <a class=\"u-absolute-vcenter u-carousel-control u-carousel-control-next u-grey-70 u-icon-circle u-opacity u-opacity-70 u-spacing-10 u-text-white u-carousel-control-2\" href=\"#carousel-1dc9\" role=\"button\" data-u-slide=\"next\">\n            <span aria-hidden=\"true\">\n              <svg viewBox=\"0 0 451.846 451.847\"><path d=\"M345.441,248.292L151.154,442.573c-12.359,12.365-32.397,12.365-44.75,0c-12.354-12.354-12.354-32.391,0-44.744\nL278.318,225.92L106.409,54.017c-12.354-12.359-12.354-32.394,0-44.748c12.354-12.359,32.391-12.359,44.75,0l194.287,194.284\nc6.177,6.18,9.262,14.271,9.262,22.366C354.708,234.018,351.617,242.115,345.441,248.292z\"><\/path><\/svg>\n            <\/span>\n            <span class=\"sr-only\">\n              <svg viewBox=\"0 0 451.846 451.847\"><path d=\"M345.441,248.292L151.154,442.573c-12.359,12.365-32.397,12.365-44.75,0c-12.354-12.354-12.354-32.391,0-44.744\nL278.318,225.92L106.409,54.017c-12.354-12.359-12.354-32.394,0-44.748c12.354-12.359,32.391-12.359,44.75,0l194.287,194.284\nc6.177,6.18,9.262,14.271,9.262,22.366C354.708,234.018,351.617,242.115,345.441,248.292z\"><\/path><\/svg>\n            <\/span>\n          <\/a>\n        <\/div>\n      <\/div>\n    <\/section>\n    \n    \n    \n  \n","protected":false},"excerpt":{"rendered":"<p>Walentynki Serca Love R\u00f3\u017ca Serduszka Serce Folk Serce A\u017cur Katalog Walentynki<\/p>\n","protected":false},"author":1,"featured_media":0,"parent":0,"menu_order":0,"comment_status":"closed","ping_status":"closed","template":"","meta":{"footnotes":""},"class_list":["post-104","page","type-page","status-publish","hentry"],"yoast_head":"<!-- This site is optimized with the Yoast SEO plugin v27.6 - https:\/\/yoast.com\/product\/yoast-seo-wordpress\/ -->\n<title>Walentynki - Zawapak.pl<\/title>\n<meta name=\"robots\" content=\"index, follow, max-snippet:-1, max-image-preview:large, max-video-preview:-1\" \/>\n<link rel=\"canonical\" href=\"https:\/\/zawapak.pl\/?page_id=104\" \/>\n<meta property=\"og:locale\" content=\"pl_PL\" \/>\n<meta property=\"og:type\" content=\"article\" \/>\n<meta property=\"og:title\" content=\"Walentynki - Zawapak.pl\" \/>\n<meta property=\"og:description\" content=\"Walentynki Serca Love R\u00f3\u017ca Serduszka Serce Folk Serce A\u017cur Katalog Walentynki\" \/>\n<meta property=\"og:url\" content=\"https:\/\/zawapak.pl\/?page_id=104\" \/>\n<meta property=\"og:site_name\" content=\"Zawapak.pl\" \/>\n<meta property=\"article:publisher\" content=\"https:\/\/www.facebook.com\/zawapak\" \/>\n<meta property=\"article:modified_time\" content=\"2024-09-13T19:38:35+00:00\" \/>\n<meta name=\"twitter:card\" content=\"summary_large_image\" \/>\n<script type=\"application\/ld+json\" class=\"yoast-schema-graph\">{\"@context\":\"https:\\\/\\\/schema.org\",\"@graph\":[{\"@type\":\"WebPage\",\"@id\":\"https:\\\/\\\/zawapak.pl\\\/?page_id=104\",\"url\":\"https:\\\/\\\/zawapak.pl\\\/?page_id=104\",\"name\":\"Walentynki - Zawapak.pl\",\"isPartOf\":{\"@id\":\"https:\\\/\\\/zawapak.pl\\\/#website\"},\"datePublished\":\"2022-06-12T09:44:56+00:00\",\"dateModified\":\"2024-09-13T19:38:35+00:00\",\"breadcrumb\":{\"@id\":\"https:\\\/\\\/zawapak.pl\\\/?page_id=104#breadcrumb\"},\"inLanguage\":\"pl-PL\",\"potentialAction\":[{\"@type\":\"ReadAction\",\"target\":[\"https:\\\/\\\/zawapak.pl\\\/?page_id=104\"]}]},{\"@type\":\"BreadcrumbList\",\"@id\":\"https:\\\/\\\/zawapak.pl\\\/?page_id=104#breadcrumb\",\"itemListElement\":[{\"@type\":\"ListItem\",\"position\":1,\"name\":\"Strona g\u0142\u00f3wna\",\"item\":\"https:\\\/\\\/zawapak.pl\\\/\"},{\"@type\":\"ListItem\",\"position\":2,\"name\":\"Walentynki\"}]},{\"@type\":\"WebSite\",\"@id\":\"https:\\\/\\\/zawapak.pl\\\/#website\",\"url\":\"https:\\\/\\\/zawapak.pl\\\/\",\"name\":\"Zawapak.pl\",\"description\":\"producent \u015bwieczek\",\"publisher\":{\"@id\":\"https:\\\/\\\/zawapak.pl\\\/#organization\"},\"potentialAction\":[{\"@type\":\"SearchAction\",\"target\":{\"@type\":\"EntryPoint\",\"urlTemplate\":\"https:\\\/\\\/zawapak.pl\\\/?s={search_term_string}\"},\"query-input\":{\"@type\":\"PropertyValueSpecification\",\"valueRequired\":true,\"valueName\":\"search_term_string\"}}],\"inLanguage\":\"pl-PL\"},{\"@type\":\"Organization\",\"@id\":\"https:\\\/\\\/zawapak.pl\\\/#organization\",\"name\":\"F.PHU ZAWA-PAK \u0141ukasz Zawalski\",\"url\":\"https:\\\/\\\/zawapak.pl\\\/\",\"logo\":{\"@type\":\"ImageObject\",\"inLanguage\":\"pl-PL\",\"@id\":\"https:\\\/\\\/zawapak.pl\\\/#\\\/schema\\\/logo\\\/image\\\/\",\"url\":\"https:\\\/\\\/zawapak.pl\\\/wp-content\\\/uploads\\\/2024\\\/08\\\/zawapak-logo.png\",\"contentUrl\":\"https:\\\/\\\/zawapak.pl\\\/wp-content\\\/uploads\\\/2024\\\/08\\\/zawapak-logo.png\",\"width\":200,\"height\":147,\"caption\":\"F.PHU ZAWA-PAK \u0141ukasz Zawalski\"},\"image\":{\"@id\":\"https:\\\/\\\/zawapak.pl\\\/#\\\/schema\\\/logo\\\/image\\\/\"},\"sameAs\":[\"https:\\\/\\\/www.facebook.com\\\/zawapak\",\"https:\\\/\\\/www.linkedin.com\\\/company\\\/zawapak\\\/about\\\/\"]}]}<\/script>\n<!-- \/ Yoast SEO plugin. -->","yoast_head_json":{"title":"Walentynki - Zawapak.pl","robots":{"index":"index","follow":"follow","max-snippet":"max-snippet:-1","max-image-preview":"max-image-preview:large","max-video-preview":"max-video-preview:-1"},"canonical":"https:\/\/zawapak.pl\/?page_id=104","og_locale":"pl_PL","og_type":"article","og_title":"Walentynki - Zawapak.pl","og_description":"Walentynki Serca Love R\u00f3\u017ca Serduszka Serce Folk Serce A\u017cur Katalog Walentynki","og_url":"https:\/\/zawapak.pl\/?page_id=104","og_site_name":"Zawapak.pl","article_publisher":"https:\/\/www.facebook.com\/zawapak","article_modified_time":"2024-09-13T19:38:35+00:00","twitter_card":"summary_large_image","schema":{"@context":"https:\/\/schema.org","@graph":[{"@type":"WebPage","@id":"https:\/\/zawapak.pl\/?page_id=104","url":"https:\/\/zawapak.pl\/?page_id=104","name":"Walentynki - Zawapak.pl","isPartOf":{"@id":"https:\/\/zawapak.pl\/#website"},"datePublished":"2022-06-12T09:44:56+00:00","dateModified":"2024-09-13T19:38:35+00:00","breadcrumb":{"@id":"https:\/\/zawapak.pl\/?page_id=104#breadcrumb"},"inLanguage":"pl-PL","potentialAction":[{"@type":"ReadAction","target":["https:\/\/zawapak.pl\/?page_id=104"]}]},{"@type":"BreadcrumbList","@id":"https:\/\/zawapak.pl\/?page_id=104#breadcrumb","itemListElement":[{"@type":"ListItem","position":1,"name":"Strona g\u0142\u00f3wna","item":"https:\/\/zawapak.pl\/"},{"@type":"ListItem","position":2,"name":"Walentynki"}]},{"@type":"WebSite","@id":"https:\/\/zawapak.pl\/#website","url":"https:\/\/zawapak.pl\/","name":"Zawapak.pl","description":"producent \u015bwieczek","publisher":{"@id":"https:\/\/zawapak.pl\/#organization"},"potentialAction":[{"@type":"SearchAction","target":{"@type":"EntryPoint","urlTemplate":"https:\/\/zawapak.pl\/?s={search_term_string}"},"query-input":{"@type":"PropertyValueSpecification","valueRequired":true,"valueName":"search_term_string"}}],"inLanguage":"pl-PL"},{"@type":"Organization","@id":"https:\/\/zawapak.pl\/#organization","name":"F.PHU ZAWA-PAK \u0141ukasz Zawalski","url":"https:\/\/zawapak.pl\/","logo":{"@type":"ImageObject","inLanguage":"pl-PL","@id":"https:\/\/zawapak.pl\/#\/schema\/logo\/image\/","url":"https:\/\/zawapak.pl\/wp-content\/uploads\/2024\/08\/zawapak-logo.png","contentUrl":"https:\/\/zawapak.pl\/wp-content\/uploads\/2024\/08\/zawapak-logo.png","width":200,"height":147,"caption":"F.PHU ZAWA-PAK \u0141ukasz Zawalski"},"image":{"@id":"https:\/\/zawapak.pl\/#\/schema\/logo\/image\/"},"sameAs":["https:\/\/www.facebook.com\/zawapak","https:\/\/www.linkedin.com\/company\/zawapak\/about\/"]}]}},"_links":{"self":[{"href":"https:\/\/zawapak.pl\/index.php?rest_route=\/wp\/v2\/pages\/104","targetHints":{"allow":["GET"]}}],"collection":[{"href":"https:\/\/zawapak.pl\/index.php?rest_route=\/wp\/v2\/pages"}],"about":[{"href":"https:\/\/zawapak.pl\/index.php?rest_route=\/wp\/v2\/types\/page"}],"author":[{"embeddable":true,"href":"https:\/\/zawapak.pl\/index.php?rest_route=\/wp\/v2\/users\/1"}],"replies":[{"embeddable":true,"href":"https:\/\/zawapak.pl\/index.php?rest_route=%2Fwp%2Fv2%2Fcomments&post=104"}],"version-history":[{"count":4,"href":"https:\/\/zawapak.pl\/index.php?rest_route=\/wp\/v2\/pages\/104\/revisions"}],"predecessor-version":[{"id":1404,"href":"https:\/\/zawapak.pl\/index.php?rest_route=\/wp\/v2\/pages\/104\/revisions\/1404"}],"wp:attachment":[{"href":"https:\/\/zawapak.pl\/index.php?rest_route=%2Fwp%2Fv2%2Fmedia&parent=104"}],"curies":[{"name":"wp","href":"https:\/\/api.w.org\/{rel}","templated":true}]}}